{"id":1731,"date":"2021-11-18T09:46:51","date_gmt":"2021-11-18T09:46:51","guid":{"rendered":"https:\/\/larchipel.whl-staging.com\/initiative-verte\/"},"modified":"2024-03-18T16:11:02","modified_gmt":"2024-03-18T16:11:02","slug":"initiative-verte","status":"publish","type":"page","link":"https:\/\/www.larchipel.com\/fr\/initiative-verte\/","title":{"rendered":"Initiative Verte"},"content":{"rendered":"<p>[vc_row row_padding_top=&#8221;padding_top_1-2&#8243; row_padding_bottom=&#8221;padding_bottom_none&#8221;][vc_column]<div class=\"heading_group_sc wpb_content_element subtitle_bottom    text-center\">\r\n\r\n\r\n    <h2>LA PROTECTION DE L\u2019ENVIRONNEMENT<\/h2>\n\r\n\r\n        <span class=\"subtitle\">COMMUNIQU\u00c9 DE PRESSE INITIATIVE VERTE<\/span>\r\n\r\n<\/div>[vc_column_text]<\/p>\n<p class=\"divider\" style=\"text-align: center;\"><img loading=\"lazy\" decoding=\"async\" src=\"https:\/\/www.larchipel.com\/wp-content\/uploads\/2021\/11\/separator.png\" width=\"200\" height=\"25\" \/><\/p>\n<p>[\/vc_column_text][\/vc_column][\/vc_row][vc_row row_padding_top=&#8221;padding_top_1-4&#8243; row_padding_bottom=&#8221;padding_bottom_none&#8221;][vc_column width=&#8221;1\/2&#8243;][vc_column_text]L&#8217;h\u00f4tel L&#8217;Archipel \u00e0 Praslin a mis en place un programme de gestion des d\u00e9chets alimentaires pour compl\u00e9ter ses bonnes pratiques de durabilit\u00e9 existantes en mati\u00e8re de production d&#8217;\u00e9lectricit\u00e9 et de syst\u00e8mes de nettoyage respectueux de l&#8217;environnement.<\/p>\n<p>Pourquoi est-ce important pour les Seychelles ? Tout d&#8217;abord, nous devons consid\u00e9rer d&#8217;o\u00f9 vient une grande partie de notre nourriture. Nous consommons des produits locaux, cependant, une grande partie est import\u00e9e, la nourriture transport\u00e9e par avion ayant un impact n\u00e9gatif sur l&#8217;empreinte carbone du pays. Deuxi\u00e8mement, il y a le probl\u00e8me des aliments non consomm\u00e9s qui sont souvent simplement jet\u00e9s avec d&#8217;autres d\u00e9chets et se retrouvent dans les sites d&#8217;enfouissement. Lorsque cela se produit, les d\u00e9chets alimentaires pourrissent et produisent du m\u00e9thane, un puissant gaz \u00e0 effet de serre avec 21 fois le potentiel de r\u00e9chauffement plan\u00e9taire du dioxyde de carbone. Des recherches r\u00e9centes indiquent qu&#8217;en moyenne un h\u00f4tel des Seychelles produit quotidiennement 846 grammes de d\u00e9chets alimentaires par client. Lorsque nous consid\u00e9rons que les d\u00e9chets organiques repr\u00e9sentent pr\u00e8s de la moiti\u00e9 de tout le contenu des d\u00e9charges aux Seychelles, le probl\u00e8me &#8211; et le besoin urgent de faire quelque chose &#8211; devient clair.<\/p>\n<p>L&#8217;initiative L&#8217;Archipel, qui a permis \u00e0 l&#8217;h\u00f4tel d&#8217;\u00eatre reconnu internationalement, r\u00e9duit la quantit\u00e9 de d\u00e9chets alimentaires g\u00e9n\u00e9r\u00e9s et \u00e9conomise de l&#8217;argent au moment de l&#8217;achat et des co\u00fbts de collecte des d\u00e9chets. C&#8217;est un argument convaincant pour que d&#8217;autres \u00e9tablissements touristiques suivent l&#8217;exemple de L&#8217;Archipel et mettent en place des programmes pro-environnement dans tous les aspects de leur fonctionnement. Il y a aussi la question de la perception des clients. Les visiteurs aux Seychelles sont de plus en plus conscients de la n\u00e9cessit\u00e9 d&#8217;un comportement environnemental responsable. Ils ont d\u00e9j\u00e0 compromis leur empreinte carbone simplement en volant ici et s&#8217;attendent \u00e0 ce que les h\u00f4tels fassent tout leur possible pour minimiser tout autre impact n\u00e9gatif sur l&#8217;environnement &#8211; localement et mondialement.<\/p>\n<p>L&#8217;Archipel utilise les nouvelles technologies pour r\u00e9duire le gaspillage alimentaire produit par ses clients. Le personnel de l&#8217;alimentation et des boissons utilise un logiciel pour anticiper les besoins alimentaires, commander et pr\u00e9parer en cons\u00e9quence, maximisant ainsi la quantit\u00e9 de nourriture servie qui est consomm\u00e9e et minimisant le pourcentage non consomm\u00e9. Il s&#8217;agit bien s\u00fbr d&#8217;un objectif difficile \u00e0 atteindre, cependant, le personnel et les clients de L&#8217;Archipel ont d\u00e9j\u00e0 constat\u00e9 des am\u00e9liorations spectaculaires dans la mani\u00e8re dont la nourriture est g\u00e9r\u00e9e efficacement \u00e0 chaque \u00e9tape de la cha\u00eene &#8211; de la commande et l&#8217;achat de produits alimentaires \u00e0 l&#8217;\u00e9limination des d\u00e9chets \u00ab in\u00e9vitables \u00bb (il y en aura toujours).[\/vc_column_text][\/vc_column][vc_column width=&#8221;1\/2&#8243;][vc_single_image image=&#8221;1282&#8243; img_size=&#8221;full&#8221; alignment=&#8221;center&#8221;][\/vc_column][\/vc_row][vc_row full_width=&#8221;stretch_row&#8221; row_padding_top=&#8221;padding_top_1-4&#8243;][vc_column width=&#8221;1\/2&#8243;]<div class=\"heading_group_sc wpb_content_element subtitle_bottom    text-center\">\r\n\r\n\r\n    <h2>T\u00c9L\u00c9CHARGER<\/h2>\n\r\n\r\n        <span class=\"subtitle\">Communiqu\u00e9 de presse initiative verte<\/span>\r\n\r\n<\/div>[vc_column_text]<\/p>\n<p class=\"divider\" style=\"text-align: center;\"><img loading=\"lazy\" decoding=\"async\" src=\"https:\/\/www.larchipel.com\/wp-content\/uploads\/2021\/11\/separator.png\" width=\"200\" height=\"25\" \/><\/p>\n<p>[\/vc_column_text]<div class=\"plethora_button wpb_content_element   text-center \">\r\n    <a href=\"\/wp-content\/uploads\/2021\/11\/L-Archipel-press-release.pdf\" class=\" btn btn-black  \" title=\"\"  target=\"_blank\">\r\n\r\n        \r\n        T\u00e9l\u00e9charger\r\n        \r\n\r\n    <\/a>\r\n<\/div>[\/vc_column][vc_column width=&#8221;1\/2&#8243;]<div class=\"heading_group_sc wpb_content_element subtitle_bottom    text-center\">\r\n\r\n\r\n    <h2>T\u00c9L\u00c9CHARGER<\/h2>\n\r\n\r\n        <span class=\"subtitle\">Certificat de s\u00e9curit\u00e9<\/span>\r\n\r\n<\/div>[vc_column_text]<\/p>\n<p class=\"divider\" style=\"text-align: center;\"><img loading=\"lazy\" decoding=\"async\" src=\"https:\/\/www.larchipel.com\/wp-content\/uploads\/2021\/11\/separator.png\" width=\"200\" height=\"25\" \/><\/p>\n<p>[\/vc_column_text]<div class=\"plethora_button wpb_content_element   text-center \">\r\n    <a href=\"\/wp-content\/uploads\/2021\/12\/Hotel-LArchipel-2020-202211-copy.pdf\" class=\" btn btn-black  \" title=\"\"  target=\"_blank\">\r\n\r\n        \r\n        T\u00e9l\u00e9charger\r\n        \r\n\r\n    <\/a>\r\n<\/div>[\/vc_column][\/vc_row]<\/p>\n","protected":false},"excerpt":{"rendered":"<p>[vc_row row_padding_top=&#8221;padding_top_1-2&#8243; row_padding_bottom=&#8221;padding_bottom_none&#8221;][vc_column][vc_column_text] [\/vc_column_text][\/vc_column][\/vc_row][vc_row row_padding_top=&#8221;padding_top_1-4&#8243; row_padding_bottom=&#8221;padding_bottom_none&#8221;][vc_column width=&#8221;1\/2&#8243;][vc_column_text]L&#8217;h\u00f4tel L&#8217;Archipel \u00e0 Praslin a mis en place un programme de gestion des d\u00e9chets alimentaires pour compl\u00e9ter ses bonnes pratiques de durabilit\u00e9 existantes en mati\u00e8re de production d&#8217;\u00e9lectricit\u00e9 et de syst\u00e8mes de nettoyage respectueux de l&#8217;environnement. Pourquoi est-ce important pour les Seychelles ? Tout d&#8217;abord, nous devons consid\u00e9rer d&#8217;o\u00f9 [&hellip;]<\/p>\n","protected":false},"author":1,"featured_media":1654,"parent":0,"menu_order":0,"comment_status":"closed","ping_status":"closed","template":"","meta":{"om_disable_all_campaigns":false,"footnotes":""},"class_list":["post-1731","page","type-page","status-publish","has-post-thumbnail","hentry"],"yoast_head":"<!-- This site is optimized with the Yoast SEO plugin v27.2 - https:\/\/yoast.com\/product\/yoast-seo-wordpress\/ -->\n<title>Initiative Verte - Hotel L&#039;archipel<\/title>\n<meta name=\"robots\" content=\"index, follow, max-snippet:-1, max-image-preview:large, max-video-preview:-1\" \/>\n<link rel=\"canonical\" href=\"https:\/\/www.larchipel.com\/fr\/initiative-verte\/\" \/>\n<meta property=\"og:locale\" content=\"fr_FR\" \/>\n<meta property=\"og:type\" content=\"article\" \/>\n<meta property=\"og:title\" content=\"Initiative Verte - Hotel L&#039;archipel\" \/>\n<meta property=\"og:description\" content=\"[vc_row row_padding_top=&#8221;padding_top_1-2&#8243; row_padding_bottom=&#8221;padding_bottom_none&#8221;][vc_column][vc_column_text] [\/vc_column_text][\/vc_column][\/vc_row][vc_row row_padding_top=&#8221;padding_top_1-4&#8243; row_padding_bottom=&#8221;padding_bottom_none&#8221;][vc_column width=&#8221;1\/2&#8243;][vc_column_text]L&#8217;h\u00f4tel L&#8217;Archipel \u00e0 Praslin a mis en place un programme de gestion des d\u00e9chets alimentaires pour compl\u00e9ter ses bonnes pratiques de durabilit\u00e9 existantes en mati\u00e8re de production d&#8217;\u00e9lectricit\u00e9 et de syst\u00e8mes de nettoyage respectueux de l&#8217;environnement. Pourquoi est-ce important pour les Seychelles ? Tout d&#8217;abord, nous devons consid\u00e9rer d&#8217;o\u00f9 [&hellip;]\" \/>\n<meta property=\"og:url\" content=\"https:\/\/www.larchipel.com\/fr\/initiative-verte\/\" \/>\n<meta property=\"og:site_name\" content=\"Hotel L&#039;archipel\" \/>\n<meta property=\"article:modified_time\" content=\"2024-03-18T16:11:02+00:00\" \/>\n<meta property=\"og:image\" content=\"https:\/\/www.larchipel.com\/wp-content\/uploads\/2021\/11\/green-head.jpg\" \/>\n\t<meta property=\"og:image:width\" content=\"1646\" \/>\n\t<meta property=\"og:image:height\" content=\"462\" \/>\n\t<meta property=\"og:image:type\" content=\"image\/jpeg\" \/>\n<meta name=\"twitter:card\" content=\"summary_large_image\" \/>\n<meta name=\"twitter:label1\" content=\"Est. reading time\" \/>\n\t<meta name=\"twitter:data1\" content=\"3 minutes\" \/>\n<script type=\"application\/ld+json\" class=\"yoast-schema-graph\">{\"@context\":\"https:\/\/schema.org\",\"@graph\":[{\"@type\":\"WebPage\",\"@id\":\"https:\/\/www.larchipel.com\/fr\/initiative-verte\/\",\"url\":\"https:\/\/www.larchipel.com\/fr\/initiative-verte\/\",\"name\":\"Initiative Verte - Hotel L&#039;archipel\",\"isPartOf\":{\"@id\":\"https:\/\/www.larchipel.com\/#website\"},\"primaryImageOfPage\":{\"@id\":\"https:\/\/www.larchipel.com\/fr\/initiative-verte\/#primaryimage\"},\"image\":{\"@id\":\"https:\/\/www.larchipel.com\/fr\/initiative-verte\/#primaryimage\"},\"thumbnailUrl\":\"https:\/\/www.larchipel.com\/wp-content\/uploads\/2021\/11\/green-head.jpg\",\"datePublished\":\"2021-11-18T09:46:51+00:00\",\"dateModified\":\"2024-03-18T16:11:02+00:00\",\"breadcrumb\":{\"@id\":\"https:\/\/www.larchipel.com\/fr\/initiative-verte\/#breadcrumb\"},\"inLanguage\":\"fr-FR\",\"potentialAction\":[{\"@type\":\"ReadAction\",\"target\":[\"https:\/\/www.larchipel.com\/fr\/initiative-verte\/\"]}]},{\"@type\":\"ImageObject\",\"inLanguage\":\"fr-FR\",\"@id\":\"https:\/\/www.larchipel.com\/fr\/initiative-verte\/#primaryimage\",\"url\":\"https:\/\/www.larchipel.com\/wp-content\/uploads\/2021\/11\/green-head.jpg\",\"contentUrl\":\"https:\/\/www.larchipel.com\/wp-content\/uploads\/2021\/11\/green-head.jpg\",\"width\":1646,\"height\":462},{\"@type\":\"BreadcrumbList\",\"@id\":\"https:\/\/www.larchipel.com\/fr\/initiative-verte\/#breadcrumb\",\"itemListElement\":[{\"@type\":\"ListItem\",\"position\":1,\"name\":\"Home\",\"item\":\"https:\/\/www.larchipel.com\/fr\/\"},{\"@type\":\"ListItem\",\"position\":2,\"name\":\"Initiative Verte\"}]},{\"@type\":\"WebSite\",\"@id\":\"https:\/\/www.larchipel.com\/#website\",\"url\":\"https:\/\/www.larchipel.com\/\",\"name\":\"Hotel L&#039;archipel\",\"description\":\"Praslin, Seychelles\",\"potentialAction\":[{\"@type\":\"SearchAction\",\"target\":{\"@type\":\"EntryPoint\",\"urlTemplate\":\"https:\/\/www.larchipel.com\/?s={search_term_string}\"},\"query-input\":{\"@type\":\"PropertyValueSpecification\",\"valueRequired\":true,\"valueName\":\"search_term_string\"}}],\"inLanguage\":\"fr-FR\"}]}<\/script>\n<!-- \/ Yoast SEO plugin. -->","yoast_head_json":{"title":"Initiative Verte - Hotel L&#039;archipel","robots":{"index":"index","follow":"follow","max-snippet":"max-snippet:-1","max-image-preview":"max-image-preview:large","max-video-preview":"max-video-preview:-1"},"canonical":"https:\/\/www.larchipel.com\/fr\/initiative-verte\/","og_locale":"fr_FR","og_type":"article","og_title":"Initiative Verte - Hotel L&#039;archipel","og_description":"[vc_row row_padding_top=&#8221;padding_top_1-2&#8243; row_padding_bottom=&#8221;padding_bottom_none&#8221;][vc_column][vc_column_text] [\/vc_column_text][\/vc_column][\/vc_row][vc_row row_padding_top=&#8221;padding_top_1-4&#8243; row_padding_bottom=&#8221;padding_bottom_none&#8221;][vc_column width=&#8221;1\/2&#8243;][vc_column_text]L&#8217;h\u00f4tel L&#8217;Archipel \u00e0 Praslin a mis en place un programme de gestion des d\u00e9chets alimentaires pour compl\u00e9ter ses bonnes pratiques de durabilit\u00e9 existantes en mati\u00e8re de production d&#8217;\u00e9lectricit\u00e9 et de syst\u00e8mes de nettoyage respectueux de l&#8217;environnement. Pourquoi est-ce important pour les Seychelles ? Tout d&#8217;abord, nous devons consid\u00e9rer d&#8217;o\u00f9 [&hellip;]","og_url":"https:\/\/www.larchipel.com\/fr\/initiative-verte\/","og_site_name":"Hotel L&#039;archipel","article_modified_time":"2024-03-18T16:11:02+00:00","og_image":[{"width":1646,"height":462,"url":"https:\/\/www.larchipel.com\/wp-content\/uploads\/2021\/11\/green-head.jpg","type":"image\/jpeg"}],"twitter_card":"summary_large_image","twitter_misc":{"Est. reading time":"3 minutes"},"schema":{"@context":"https:\/\/schema.org","@graph":[{"@type":"WebPage","@id":"https:\/\/www.larchipel.com\/fr\/initiative-verte\/","url":"https:\/\/www.larchipel.com\/fr\/initiative-verte\/","name":"Initiative Verte - Hotel L&#039;archipel","isPartOf":{"@id":"https:\/\/www.larchipel.com\/#website"},"primaryImageOfPage":{"@id":"https:\/\/www.larchipel.com\/fr\/initiative-verte\/#primaryimage"},"image":{"@id":"https:\/\/www.larchipel.com\/fr\/initiative-verte\/#primaryimage"},"thumbnailUrl":"https:\/\/www.larchipel.com\/wp-content\/uploads\/2021\/11\/green-head.jpg","datePublished":"2021-11-18T09:46:51+00:00","dateModified":"2024-03-18T16:11:02+00:00","breadcrumb":{"@id":"https:\/\/www.larchipel.com\/fr\/initiative-verte\/#breadcrumb"},"inLanguage":"fr-FR","potentialAction":[{"@type":"ReadAction","target":["https:\/\/www.larchipel.com\/fr\/initiative-verte\/"]}]},{"@type":"ImageObject","inLanguage":"fr-FR","@id":"https:\/\/www.larchipel.com\/fr\/initiative-verte\/#primaryimage","url":"https:\/\/www.larchipel.com\/wp-content\/uploads\/2021\/11\/green-head.jpg","contentUrl":"https:\/\/www.larchipel.com\/wp-content\/uploads\/2021\/11\/green-head.jpg","width":1646,"height":462},{"@type":"BreadcrumbList","@id":"https:\/\/www.larchipel.com\/fr\/initiative-verte\/#breadcrumb","itemListElement":[{"@type":"ListItem","position":1,"name":"Home","item":"https:\/\/www.larchipel.com\/fr\/"},{"@type":"ListItem","position":2,"name":"Initiative Verte"}]},{"@type":"WebSite","@id":"https:\/\/www.larchipel.com\/#website","url":"https:\/\/www.larchipel.com\/","name":"Hotel L&#039;archipel","description":"Praslin, Seychelles","potentialAction":[{"@type":"SearchAction","target":{"@type":"EntryPoint","urlTemplate":"https:\/\/www.larchipel.com\/?s={search_term_string}"},"query-input":{"@type":"PropertyValueSpecification","valueRequired":true,"valueName":"search_term_string"}}],"inLanguage":"fr-FR"}]}},"_links":{"self":[{"href":"https:\/\/www.larchipel.com\/fr\/wp-json\/wp\/v2\/pages\/1731","targetHints":{"allow":["GET"]}}],"collection":[{"href":"https:\/\/www.larchipel.com\/fr\/wp-json\/wp\/v2\/pages"}],"about":[{"href":"https:\/\/www.larchipel.com\/fr\/wp-json\/wp\/v2\/types\/page"}],"author":[{"embeddable":true,"href":"https:\/\/www.larchipel.com\/fr\/wp-json\/wp\/v2\/users\/1"}],"replies":[{"embeddable":true,"href":"https:\/\/www.larchipel.com\/fr\/wp-json\/wp\/v2\/comments?post=1731"}],"version-history":[{"count":17,"href":"https:\/\/www.larchipel.com\/fr\/wp-json\/wp\/v2\/pages\/1731\/revisions"}],"predecessor-version":[{"id":2146,"href":"https:\/\/www.larchipel.com\/fr\/wp-json\/wp\/v2\/pages\/1731\/revisions\/2146"}],"wp:featuredmedia":[{"embeddable":true,"href":"https:\/\/www.larchipel.com\/fr\/wp-json\/wp\/v2\/media\/1654"}],"wp:attachment":[{"href":"https:\/\/www.larchipel.com\/fr\/wp-json\/wp\/v2\/media?parent=1731"}],"curies":[{"name":"wp","href":"https:\/\/api.w.org\/{rel}","templated":true}]}}