{"id":1740,"date":"2021-11-18T10:49:46","date_gmt":"2021-11-18T10:49:46","guid":{"rendered":"https:\/\/larchipel.whl-staging.com\/bar-cote-piscine\/"},"modified":"2026-03-02T12:25:31","modified_gmt":"2026-03-02T12:25:31","slug":"bar-cote-piscine","status":"publish","type":"page","link":"https:\/\/www.larchipel.com\/fr\/bar-cote-piscine\/","title":{"rendered":"Bar C\u00f4t\u00e9 Piscine"},"content":{"rendered":"<p>[vc_row full_width=&#8221;stretch_row&#8221; color_set=&#8221;white_section&#8221;][vc_column width=&#8221;2\/3&#8243; offset=&#8221;vc_col-sm-offset-2&#8243;]<div class=\"heading_group_sc wpb_content_element subtitle_bottom    text-center\">\r\n\r\n\r\n    <p>Besoin d\u2019un petit rafra\u00eechissement entre deux baignades en piscine? Le bar et salon \u00e0 cocktails de l\u2019h\u00f4tel L\u2019Archipel, le \u201cBar Ton Francis\u201d, jouxte la piscine \u00e0 d\u00e9bordement et propose une large s\u00e9lection de repas l\u00e9gers, des cocktails tropicaux all\u00e9chants et des rafra\u00eechissements sont servis tout au long de la journ\u00e9e. Il est parfaitement situ\u00e9 pour un dernier verre en admirant le coucher de soleil.<\/p>\n\r\n\r\n        <span class=\"subtitle\"><\/span>\r\n\r\n<\/div>[vc_column_text]<\/p>\n<p class=\"divider\" style=\"text-align: center;\"><img loading=\"lazy\" decoding=\"async\" src=\"https:\/\/www.larchipel.com\/wp-content\/uploads\/2021\/11\/separator.png\" width=\"200\" height=\"25\" \/><\/p>\n<p>[\/vc_column_text][\/vc_column][\/vc_row][vc_row full_width=&#8221;stretch_row_content_no_spaces&#8221; content_placement=&#8221;middle&#8221; row_padding_top=&#8221;padding_top_none&#8221; row_padding_bottom=&#8221;padding_bottom_none&#8221;][vc_column width=&#8221;1\/2&#8243; offset=&#8221;vc_col-lg-8 vc_col-md-7&#8243; css=&#8221;.vc_custom_1772454329551{background-image: url(https:\/\/www.larchipel.com\/wp-content\/uploads\/2026\/02\/BarTonFrancis10-scaled.jpg?id=2285) !important;background-position: center !important;background-repeat: no-repeat !important;background-size: cover !important;}&#8221;][vc_empty_space height=&#8221;300px&#8221;][vc_empty_space height=&#8221;200px&#8221; el_class=&#8221;hidden-xs hidden-sm hidden-md&#8221;][vc_empty_space height=&#8221;100px&#8221; el_class=&#8221;hidden-xs&#8221;][vc_empty_space height=&#8221;100px&#8221; el_class=&#8221;hidden-xs hidden-sm&#8221;][\/vc_column][vc_column width=&#8221;1\/2&#8243; color_set=&#8221;white_section&#8221; align=&#8221;text-left&#8221; boxed=&#8221;boxed_plus&#8221; el_class=&#8221;col-md-pull-1&#8243; offset=&#8221;vc_col-lg-4 vc_col-md-5&#8243;]<div class=\"heading_group_sc wpb_content_element subtitle_top    text-left\">\r\n\r\n        <span class=\"subtitle\">HOTEL L'ARCHIPEL<\/span>\r\n\r\n    <h3>BAR TON FRANCIS<\/h3>\n\r\n\r\n\r\n<\/div><div class=\"plethora_button wpb_content_element   text-left \">\r\n    <a href=\"https:\/\/book.securebookings.net\/roomrate?id=2da5b732-8857-1597648148-4a4d-8daa-265a0fcc3ada&#038;lang=fr\" class=\" btn btn-default  \" title=\"Reservations\"  target=\"_blank\">\r\n\r\n        \r\n        R\u00c9SERVER\r\n        \r\n\r\n    <\/a>\r\n<\/div>[\/vc_column][\/vc_row][vc_row full_width=&#8221;stretch_row_content_no_spaces&#8221; content_placement=&#8221;middle&#8221; row_padding_top=&#8221;padding_top_none&#8221; row_padding_bottom=&#8221;padding_bottom_none&#8221;][vc_column width=&#8221;1\/2&#8243; offset=&#8221;vc_col-lg-8 vc_col-md-7&#8243; css=&#8221;.vc_custom_1661845651865{background-image: url(https:\/\/www.larchipel.com\/wp-content\/uploads\/2022\/08\/PoolArea15.jpg?id=2015) !important;background-position: center !important;background-repeat: no-repeat !important;background-size: cover !important;}&#8221; el_class=&#8221;col-sm-push-6 col-md-push-5 col-lg-push-4&#8243;][vc_empty_space height=&#8221;300px&#8221;][vc_empty_space height=&#8221;200px&#8221; el_class=&#8221;hidden-xs hidden-sm hidden-md&#8221;][vc_empty_space height=&#8221;100px&#8221; el_class=&#8221;hidden-xs&#8221;][vc_empty_space height=&#8221;100px&#8221; el_class=&#8221;hidden-xs hidden-sm&#8221;][\/vc_column][vc_column width=&#8221;1\/2&#8243; color_set=&#8221;white_section&#8221; align=&#8221;text-left&#8221; boxed=&#8221;boxed_plus&#8221; el_class=&#8221;col-sm-pull-6 col-md-pull-6 col-lg-pull-7&#8243; offset=&#8221;vc_col-lg-4 vc_col-md-5&#8243;]<div class=\"heading_group_sc wpb_content_element subtitle_top    text-left\">\r\n\r\n        <span class=\"subtitle\">HOTEL L'ARCHIPEL<\/span>\r\n\r\n    <h3>PISCINE<\/h3>\n\r\n\r\n\r\n<\/div><div class=\"plethora_button wpb_content_element   text-left \">\r\n    <a href=\"https:\/\/book.securebookings.net\/roomrate?id=2da5b732-8857-1597648148-4a4d-8daa-265a0fcc3ada&#038;lang=fr\" class=\" btn btn-default  \" title=\"Reservations\"  target=\"_blank\">\r\n\r\n        \r\n        R\u00c9SERVER\r\n        \r\n\r\n    <\/a>\r\n<\/div>[\/vc_column][\/vc_row][vc_row full_width=&#8221;stretch_row_content_no_spaces&#8221; content_placement=&#8221;middle&#8221; row_padding_top=&#8221;padding_top_none&#8221; row_padding_bottom=&#8221;padding_bottom_none&#8221;][vc_column width=&#8221;1\/2&#8243; offset=&#8221;vc_col-lg-8 vc_col-md-7&#8243; css=&#8221;.vc_custom_1661845678520{background-image: url(https:\/\/www.larchipel.com\/wp-content\/uploads\/2022\/08\/PlatedFood16-1.jpg?id=2020) !important;background-position: center !important;background-repeat: no-repeat !important;background-size: cover !important;}&#8221;][vc_empty_space height=&#8221;300px&#8221;][vc_empty_space height=&#8221;200px&#8221; el_class=&#8221;hidden-xs hidden-sm hidden-md&#8221;][vc_empty_space height=&#8221;100px&#8221; el_class=&#8221;hidden-xs&#8221;][vc_empty_space height=&#8221;100px&#8221; el_class=&#8221;hidden-xs hidden-sm&#8221;][\/vc_column][vc_column width=&#8221;1\/2&#8243; color_set=&#8221;white_section&#8221; align=&#8221;text-left&#8221; boxed=&#8221;boxed_plus&#8221; el_class=&#8221;col-md-pull-1&#8243; offset=&#8221;vc_col-lg-4 vc_col-md-5&#8243;]<div class=\"heading_group_sc wpb_content_element subtitle_top    text-left\">\r\n\r\n        <span class=\"subtitle\">HOTEL L'ARCHIPEL<\/span>\r\n\r\n    <h3>MANGER &amp; BOIRE<\/h3>\n\r\n\r\n\r\n<\/div><div class=\"plethora_button wpb_content_element   text-left \">\r\n    <a href=\"https:\/\/book.securebookings.net\/roomrate?id=2da5b732-8857-1597648148-4a4d-8daa-265a0fcc3ada&#038;lang=fr\" class=\" btn btn-default  \" title=\"Reservations\"  target=\"_blank\">\r\n\r\n        \r\n        R\u00c9SERVER\r\n        \r\n\r\n    <\/a>\r\n<\/div>[\/vc_column][\/vc_row]<\/p>\n","protected":false},"excerpt":{"rendered":"<p>[vc_row full_width=&#8221;stretch_row&#8221; color_set=&#8221;white_section&#8221;][vc_column width=&#8221;2\/3&#8243; offset=&#8221;vc_col-sm-offset-2&#8243;][vc_column_text] [\/vc_column_text][\/vc_column][\/vc_row][vc_row full_width=&#8221;stretch_row_content_no_spaces&#8221; content_placement=&#8221;middle&#8221; row_padding_top=&#8221;padding_top_none&#8221; row_padding_bottom=&#8221;padding_bottom_none&#8221;][vc_column width=&#8221;1\/2&#8243; offset=&#8221;vc_col-lg-8 vc_col-md-7&#8243; css=&#8221;.vc_custom_1772454329551{background-image: url(https:\/\/www.larchipel.com\/wp-content\/uploads\/2026\/02\/BarTonFrancis10-scaled.jpg?id=2285) !important;background-position: center !important;background-repeat: no-repeat !important;background-size: cover !important;}&#8221;][vc_empty_space height=&#8221;300px&#8221;][vc_empty_space height=&#8221;200px&#8221; el_class=&#8221;hidden-xs hidden-sm hidden-md&#8221;][vc_empty_space height=&#8221;100px&#8221; el_class=&#8221;hidden-xs&#8221;][vc_empty_space height=&#8221;100px&#8221; el_class=&#8221;hidden-xs hidden-sm&#8221;][\/vc_column][vc_column width=&#8221;1\/2&#8243; color_set=&#8221;white_section&#8221; align=&#8221;text-left&#8221; boxed=&#8221;boxed_plus&#8221; el_class=&#8221;col-md-pull-1&#8243; offset=&#8221;vc_col-lg-4 vc_col-md-5&#8243;][\/vc_column][\/vc_row][vc_row full_width=&#8221;stretch_row_content_no_spaces&#8221; content_placement=&#8221;middle&#8221; row_padding_top=&#8221;padding_top_none&#8221; row_padding_bottom=&#8221;padding_bottom_none&#8221;][vc_column width=&#8221;1\/2&#8243; offset=&#8221;vc_col-lg-8 vc_col-md-7&#8243; css=&#8221;.vc_custom_1661845651865{background-image: url(https:\/\/www.larchipel.com\/wp-content\/uploads\/2022\/08\/PoolArea15.jpg?id=2015) !important;background-position: center !important;background-repeat: no-repeat !important;background-size: cover !important;}&#8221; [&hellip;]<\/p>\n","protected":false},"author":1,"featured_media":2012,"parent":0,"menu_order":0,"comment_status":"closed","ping_status":"closed","template":"","meta":{"om_disable_all_campaigns":false,"footnotes":""},"class_list":["post-1740","page","type-page","status-publish","has-post-thumbnail","hentry"],"yoast_head":"<!-- This site is optimized with the Yoast SEO plugin v27.2 - https:\/\/yoast.com\/product\/yoast-seo-wordpress\/ -->\n<title>Bar C\u00f4t\u00e9 Piscine - Hotel L&#039;archipel<\/title>\n<meta name=\"robots\" content=\"index, follow, max-snippet:-1, max-image-preview:large, max-video-preview:-1\" \/>\n<link rel=\"canonical\" href=\"https:\/\/www.larchipel.com\/fr\/bar-cote-piscine\/\" \/>\n<meta property=\"og:locale\" content=\"fr_FR\" \/>\n<meta property=\"og:type\" content=\"article\" \/>\n<meta property=\"og:title\" content=\"Bar C\u00f4t\u00e9 Piscine - Hotel L&#039;archipel\" \/>\n<meta property=\"og:description\" content=\"[vc_row full_width=&#8221;stretch_row&#8221; color_set=&#8221;white_section&#8221;][vc_column width=&#8221;2\/3&#8243; offset=&#8221;vc_col-sm-offset-2&#8243;][vc_column_text] [\/vc_column_text][\/vc_column][\/vc_row][vc_row full_width=&#8221;stretch_row_content_no_spaces&#8221; content_placement=&#8221;middle&#8221; row_padding_top=&#8221;padding_top_none&#8221; row_padding_bottom=&#8221;padding_bottom_none&#8221;][vc_column width=&#8221;1\/2&#8243; offset=&#8221;vc_col-lg-8 vc_col-md-7&#8243; css=&#8221;.vc_custom_1772454329551{background-image: url(https:\/\/www.larchipel.com\/wp-content\/uploads\/2026\/02\/BarTonFrancis10-scaled.jpg?id=2285) !important;background-position: center !important;background-repeat: no-repeat !important;background-size: cover !important;}&#8221;][vc_empty_space height=&#8221;300px&#8221;][vc_empty_space height=&#8221;200px&#8221; el_class=&#8221;hidden-xs hidden-sm hidden-md&#8221;][vc_empty_space height=&#8221;100px&#8221; el_class=&#8221;hidden-xs&#8221;][vc_empty_space height=&#8221;100px&#8221; el_class=&#8221;hidden-xs hidden-sm&#8221;][\/vc_column][vc_column width=&#8221;1\/2&#8243; color_set=&#8221;white_section&#8221; align=&#8221;text-left&#8221; boxed=&#8221;boxed_plus&#8221; el_class=&#8221;col-md-pull-1&#8243; offset=&#8221;vc_col-lg-4 vc_col-md-5&#8243;][\/vc_column][\/vc_row][vc_row full_width=&#8221;stretch_row_content_no_spaces&#8221; content_placement=&#8221;middle&#8221; row_padding_top=&#8221;padding_top_none&#8221; row_padding_bottom=&#8221;padding_bottom_none&#8221;][vc_column width=&#8221;1\/2&#8243; offset=&#8221;vc_col-lg-8 vc_col-md-7&#8243; css=&#8221;.vc_custom_1661845651865{background-image: url(https:\/\/www.larchipel.com\/wp-content\/uploads\/2022\/08\/PoolArea15.jpg?id=2015) !important;background-position: center !important;background-repeat: no-repeat !important;background-size: cover !important;}&#8221; [&hellip;]\" \/>\n<meta property=\"og:url\" content=\"https:\/\/www.larchipel.com\/fr\/bar-cote-piscine\/\" \/>\n<meta property=\"og:site_name\" content=\"Hotel L&#039;archipel\" \/>\n<meta property=\"article:modified_time\" content=\"2026-03-02T12:25:31+00:00\" \/>\n<meta property=\"og:image\" content=\"https:\/\/www.larchipel.com\/wp-content\/uploads\/2022\/08\/PoolArea7-2-1024x606.jpg\" \/>\n\t<meta property=\"og:image:width\" content=\"1024\" \/>\n\t<meta property=\"og:image:height\" content=\"606\" \/>\n\t<meta property=\"og:image:type\" content=\"image\/jpeg\" \/>\n<meta name=\"twitter:card\" content=\"summary_large_image\" \/>\n<meta name=\"twitter:label1\" content=\"Est. reading time\" \/>\n\t<meta name=\"twitter:data1\" content=\"2 minutes\" \/>\n<script type=\"application\/ld+json\" class=\"yoast-schema-graph\">{\"@context\":\"https:\/\/schema.org\",\"@graph\":[{\"@type\":\"WebPage\",\"@id\":\"https:\/\/www.larchipel.com\/fr\/bar-cote-piscine\/\",\"url\":\"https:\/\/www.larchipel.com\/fr\/bar-cote-piscine\/\",\"name\":\"Bar C\u00f4t\u00e9 Piscine - Hotel L&#039;archipel\",\"isPartOf\":{\"@id\":\"https:\/\/www.larchipel.com\/#website\"},\"primaryImageOfPage\":{\"@id\":\"https:\/\/www.larchipel.com\/fr\/bar-cote-piscine\/#primaryimage\"},\"image\":{\"@id\":\"https:\/\/www.larchipel.com\/fr\/bar-cote-piscine\/#primaryimage\"},\"thumbnailUrl\":\"https:\/\/www.larchipel.com\/wp-content\/uploads\/2022\/08\/PoolArea7-2.jpg\",\"datePublished\":\"2021-11-18T10:49:46+00:00\",\"dateModified\":\"2026-03-02T12:25:31+00:00\",\"breadcrumb\":{\"@id\":\"https:\/\/www.larchipel.com\/fr\/bar-cote-piscine\/#breadcrumb\"},\"inLanguage\":\"fr-FR\",\"potentialAction\":[{\"@type\":\"ReadAction\",\"target\":[\"https:\/\/www.larchipel.com\/fr\/bar-cote-piscine\/\"]}]},{\"@type\":\"ImageObject\",\"inLanguage\":\"fr-FR\",\"@id\":\"https:\/\/www.larchipel.com\/fr\/bar-cote-piscine\/#primaryimage\",\"url\":\"https:\/\/www.larchipel.com\/wp-content\/uploads\/2022\/08\/PoolArea7-2.jpg\",\"contentUrl\":\"https:\/\/www.larchipel.com\/wp-content\/uploads\/2022\/08\/PoolArea7-2.jpg\",\"width\":1842,\"height\":1090,\"caption\":\"Hotel L'Archipel Pool Area\"},{\"@type\":\"BreadcrumbList\",\"@id\":\"https:\/\/www.larchipel.com\/fr\/bar-cote-piscine\/#breadcrumb\",\"itemListElement\":[{\"@type\":\"ListItem\",\"position\":1,\"name\":\"Home\",\"item\":\"https:\/\/www.larchipel.com\/fr\/\"},{\"@type\":\"ListItem\",\"position\":2,\"name\":\"Bar C\u00f4t\u00e9 Piscine\"}]},{\"@type\":\"WebSite\",\"@id\":\"https:\/\/www.larchipel.com\/#website\",\"url\":\"https:\/\/www.larchipel.com\/\",\"name\":\"Hotel L&#039;archipel\",\"description\":\"Praslin, Seychelles\",\"potentialAction\":[{\"@type\":\"SearchAction\",\"target\":{\"@type\":\"EntryPoint\",\"urlTemplate\":\"https:\/\/www.larchipel.com\/?s={search_term_string}\"},\"query-input\":{\"@type\":\"PropertyValueSpecification\",\"valueRequired\":true,\"valueName\":\"search_term_string\"}}],\"inLanguage\":\"fr-FR\"}]}<\/script>\n<!-- \/ Yoast SEO plugin. -->","yoast_head_json":{"title":"Bar C\u00f4t\u00e9 Piscine - Hotel L&#039;archipel","robots":{"index":"index","follow":"follow","max-snippet":"max-snippet:-1","max-image-preview":"max-image-preview:large","max-video-preview":"max-video-preview:-1"},"canonical":"https:\/\/www.larchipel.com\/fr\/bar-cote-piscine\/","og_locale":"fr_FR","og_type":"article","og_title":"Bar C\u00f4t\u00e9 Piscine - Hotel L&#039;archipel","og_description":"[vc_row full_width=&#8221;stretch_row&#8221; color_set=&#8221;white_section&#8221;][vc_column width=&#8221;2\/3&#8243; offset=&#8221;vc_col-sm-offset-2&#8243;][vc_column_text] [\/vc_column_text][\/vc_column][\/vc_row][vc_row full_width=&#8221;stretch_row_content_no_spaces&#8221; content_placement=&#8221;middle&#8221; row_padding_top=&#8221;padding_top_none&#8221; row_padding_bottom=&#8221;padding_bottom_none&#8221;][vc_column width=&#8221;1\/2&#8243; offset=&#8221;vc_col-lg-8 vc_col-md-7&#8243; css=&#8221;.vc_custom_1772454329551{background-image: url(https:\/\/www.larchipel.com\/wp-content\/uploads\/2026\/02\/BarTonFrancis10-scaled.jpg?id=2285) !important;background-position: center !important;background-repeat: no-repeat !important;background-size: cover !important;}&#8221;][vc_empty_space height=&#8221;300px&#8221;][vc_empty_space height=&#8221;200px&#8221; el_class=&#8221;hidden-xs hidden-sm hidden-md&#8221;][vc_empty_space height=&#8221;100px&#8221; el_class=&#8221;hidden-xs&#8221;][vc_empty_space height=&#8221;100px&#8221; el_class=&#8221;hidden-xs hidden-sm&#8221;][\/vc_column][vc_column width=&#8221;1\/2&#8243; color_set=&#8221;white_section&#8221; align=&#8221;text-left&#8221; boxed=&#8221;boxed_plus&#8221; el_class=&#8221;col-md-pull-1&#8243; offset=&#8221;vc_col-lg-4 vc_col-md-5&#8243;][\/vc_column][\/vc_row][vc_row full_width=&#8221;stretch_row_content_no_spaces&#8221; content_placement=&#8221;middle&#8221; row_padding_top=&#8221;padding_top_none&#8221; row_padding_bottom=&#8221;padding_bottom_none&#8221;][vc_column width=&#8221;1\/2&#8243; offset=&#8221;vc_col-lg-8 vc_col-md-7&#8243; css=&#8221;.vc_custom_1661845651865{background-image: url(https:\/\/www.larchipel.com\/wp-content\/uploads\/2022\/08\/PoolArea15.jpg?id=2015) !important;background-position: center !important;background-repeat: no-repeat !important;background-size: cover !important;}&#8221; [&hellip;]","og_url":"https:\/\/www.larchipel.com\/fr\/bar-cote-piscine\/","og_site_name":"Hotel L&#039;archipel","article_modified_time":"2026-03-02T12:25:31+00:00","og_image":[{"width":1024,"height":606,"url":"https:\/\/www.larchipel.com\/wp-content\/uploads\/2022\/08\/PoolArea7-2-1024x606.jpg","type":"image\/jpeg"}],"twitter_card":"summary_large_image","twitter_misc":{"Est. reading time":"2 minutes"},"schema":{"@context":"https:\/\/schema.org","@graph":[{"@type":"WebPage","@id":"https:\/\/www.larchipel.com\/fr\/bar-cote-piscine\/","url":"https:\/\/www.larchipel.com\/fr\/bar-cote-piscine\/","name":"Bar C\u00f4t\u00e9 Piscine - Hotel L&#039;archipel","isPartOf":{"@id":"https:\/\/www.larchipel.com\/#website"},"primaryImageOfPage":{"@id":"https:\/\/www.larchipel.com\/fr\/bar-cote-piscine\/#primaryimage"},"image":{"@id":"https:\/\/www.larchipel.com\/fr\/bar-cote-piscine\/#primaryimage"},"thumbnailUrl":"https:\/\/www.larchipel.com\/wp-content\/uploads\/2022\/08\/PoolArea7-2.jpg","datePublished":"2021-11-18T10:49:46+00:00","dateModified":"2026-03-02T12:25:31+00:00","breadcrumb":{"@id":"https:\/\/www.larchipel.com\/fr\/bar-cote-piscine\/#breadcrumb"},"inLanguage":"fr-FR","potentialAction":[{"@type":"ReadAction","target":["https:\/\/www.larchipel.com\/fr\/bar-cote-piscine\/"]}]},{"@type":"ImageObject","inLanguage":"fr-FR","@id":"https:\/\/www.larchipel.com\/fr\/bar-cote-piscine\/#primaryimage","url":"https:\/\/www.larchipel.com\/wp-content\/uploads\/2022\/08\/PoolArea7-2.jpg","contentUrl":"https:\/\/www.larchipel.com\/wp-content\/uploads\/2022\/08\/PoolArea7-2.jpg","width":1842,"height":1090,"caption":"Hotel L'Archipel Pool Area"},{"@type":"BreadcrumbList","@id":"https:\/\/www.larchipel.com\/fr\/bar-cote-piscine\/#breadcrumb","itemListElement":[{"@type":"ListItem","position":1,"name":"Home","item":"https:\/\/www.larchipel.com\/fr\/"},{"@type":"ListItem","position":2,"name":"Bar C\u00f4t\u00e9 Piscine"}]},{"@type":"WebSite","@id":"https:\/\/www.larchipel.com\/#website","url":"https:\/\/www.larchipel.com\/","name":"Hotel L&#039;archipel","description":"Praslin, Seychelles","potentialAction":[{"@type":"SearchAction","target":{"@type":"EntryPoint","urlTemplate":"https:\/\/www.larchipel.com\/?s={search_term_string}"},"query-input":{"@type":"PropertyValueSpecification","valueRequired":true,"valueName":"search_term_string"}}],"inLanguage":"fr-FR"}]}},"_links":{"self":[{"href":"https:\/\/www.larchipel.com\/fr\/wp-json\/wp\/v2\/pages\/1740","targetHints":{"allow":["GET"]}}],"collection":[{"href":"https:\/\/www.larchipel.com\/fr\/wp-json\/wp\/v2\/pages"}],"about":[{"href":"https:\/\/www.larchipel.com\/fr\/wp-json\/wp\/v2\/types\/page"}],"author":[{"embeddable":true,"href":"https:\/\/www.larchipel.com\/fr\/wp-json\/wp\/v2\/users\/1"}],"replies":[{"embeddable":true,"href":"https:\/\/www.larchipel.com\/fr\/wp-json\/wp\/v2\/comments?post=1740"}],"version-history":[{"count":17,"href":"https:\/\/www.larchipel.com\/fr\/wp-json\/wp\/v2\/pages\/1740\/revisions"}],"predecessor-version":[{"id":2346,"href":"https:\/\/www.larchipel.com\/fr\/wp-json\/wp\/v2\/pages\/1740\/revisions\/2346"}],"wp:featuredmedia":[{"embeddable":true,"href":"https:\/\/www.larchipel.com\/fr\/wp-json\/wp\/v2\/media\/2012"}],"wp:attachment":[{"href":"https:\/\/www.larchipel.com\/fr\/wp-json\/wp\/v2\/media?parent=1740"}],"curies":[{"name":"wp","href":"https:\/\/api.w.org\/{rel}","templated":true}]}}