{"id":1748,"date":"2021-11-18T11:04:26","date_gmt":"2021-11-18T11:04:26","guid":{"rendered":"https:\/\/larchipel.whl-staging.com\/restaurants\/"},"modified":"2026-03-03T06:02:53","modified_gmt":"2026-03-03T06:02:53","slug":"restaurants","status":"publish","type":"page","link":"https:\/\/www.larchipel.com\/fr\/restaurants\/","title":{"rendered":"Restaurants"},"content":{"rendered":"<p>[vc_row full_width=&#8221;stretch_row&#8221; color_set=&#8221;white_section&#8221;][vc_column]<div class=\"heading_group_sc wpb_content_element subtitle_bottom    text-center\">\r\n        <div class=\"background_title\">CUISINE<\/div>\r\n\r\n\r\n    <h2>HOTEL L&#8217;ARCHIPEL<\/h2>\n\r\n\r\n        <span class=\"subtitle\">D\u00e9licieuse cuisine cr\u00e9ole et internationale<\/span>\r\n\r\n<\/div>[vc_column_text]<\/p>\n<p class=\"divider\" style=\"text-align: center;\"><img loading=\"lazy\" decoding=\"async\" src=\"https:\/\/www.larchipel.com\/wp-content\/uploads\/2021\/11\/separator.png\" width=\"200\" height=\"25\" \/><\/p>\n<p>[\/vc_column_text][\/vc_column][\/vc_row][vc_row full_width=&#8221;stretch_row&#8221; content_placement=&#8221;middle&#8221; color_set=&#8221;white_section&#8221; row_padding_top=&#8221;padding_top_none&#8221; row_padding_bottom=&#8221;padding_bottom_none&#8221;][vc_column width=&#8221;1\/2&#8243; el_class=&#8221;col-sm-push-6&#8243;][vc_images_carousel images=&#8221;2040,2044,2288,2042,2290&#8243; img_size=&#8221;full&#8221; onclick=&#8221;link_no&#8221;][\/vc_column][vc_column width=&#8221;1\/2&#8243; el_class=&#8221;col-sm-pull-6&#8243;]<div class=\"heading_group_sc wpb_content_element subtitle_top    text-left\">\r\n\r\n        <span class=\"subtitle\">HOTEL L'ARCHIPEL<\/span>\r\n\r\n    <h3>LA FEUILLE D&#8217;OR RESTAURANT<\/h3>\n\r\n\r\n\r\n<\/div>[vc_column_text]Situ\u00e9e au premier \u00e9tage du bar, La Feuille d\u2019or offre un panorama \u00e0 couper le souffle et une ambiance plus isol\u00e9e, id\u00e9ale lorsque le temps ne permet pas de d\u00eener en plein air.[\/vc_column_text]<div class=\"plethora_button wpb_content_element   text-left \">\r\n    <a href=\"https:\/\/book.securebookings.net\/roomrate?id=2da5b732-8857-1597648148-4a4d-8daa-265a0fcc3ada&#038;lang=fr\" class=\" btn-link btn-default  \" title=\"R\u00c9SERVER\"  target=\"_blank\">\r\n\r\n        \r\n        R\u00c9SERVER\r\n        \r\n\r\n    <\/a>\r\n<\/div>[\/vc_column][\/vc_row][vc_row full_width=&#8221;stretch_row&#8221; content_placement=&#8221;middle&#8221; color_set=&#8221;white_section&#8221; row_padding_top=&#8221;padding_top_none&#8221; row_padding_bottom=&#8221;padding_bottom_none&#8221;][vc_column width=&#8221;1\/2&#8243;][vc_images_carousel images=&#8221;2052,2294,2048,2292,2302,2300,2304,2296,2306,2054,2308,2310&#8243; img_size=&#8221;full&#8221; onclick=&#8221;link_no&#8221;][\/vc_column][vc_column width=&#8221;1\/2&#8243;]<div class=\"heading_group_sc wpb_content_element subtitle_top    text-left\">\r\n\r\n        <span class=\"subtitle\">HOTEL L'ARCHIPEL<\/span>\r\n\r\n    <h3>LA GIGOLETTE RESTAURANT<\/h3>\n\r\n\r\n\r\n<\/div>[vc_column_text]La Gigolette ouvre ses grandes fen\u00eatres et sa terrasse directement sur la plage et vous pourrez profiter de la douce brise et de la vue imprenable sur l\u2019oc\u00e9an tout en savourant de d\u00e9licieux plats internationaux ou cr\u00e9oles.Le petit d\u00e9jeuner buffet est servi en plein air et un d\u00e9jeuner et un d\u00eener \u00e0 la carte. Des soir\u00e9es \u00e0 th\u00e8me sous forme de buffet avec des animations musicales en direct sont \u00e9galement organis\u00e9es \u00e0 l\u2019occasion. Le petit-d\u00e9jeuner buffet est servi en plein air ainsi qu\u2019un d\u00e9jeuner et un d\u00eener \u00e0 la carte. Des soir\u00e9es \u00e0 th\u00e8me sous forme de buffet avec des animations musicales en direct sont \u00e9galement organis\u00e9es occasionnellement.[\/vc_column_text]<div class=\"plethora_button wpb_content_element   text-left \">\r\n    <a href=\"https:\/\/book.securebookings.net\/roomrate?id=2da5b732-8857-1597648148-4a4d-8daa-265a0fcc3ada&#038;lang=fr\" class=\" btn-link btn-default  \" title=\"Reservations\"  target=\"_blank\">\r\n\r\n        \r\n        R\u00c9SERVER\r\n        \r\n\r\n    <\/a>\r\n<\/div>[\/vc_column][\/vc_row][vc_row full_width=&#8221;stretch_row&#8221; content_placement=&#8221;middle&#8221; color_set=&#8221;white_section&#8221; row_padding_top=&#8221;padding_top_none&#8221; row_padding_bottom=&#8221;padding_bottom_none&#8221;][vc_column width=&#8221;1\/2&#8243; el_class=&#8221;col-sm-push-6&#8243;][vc_images_carousel images=&#8221;2006,2312,2324,2314,2318,2320,2322,2316&#8243; img_size=&#8221;full&#8221; onclick=&#8221;link_no&#8221;][\/vc_column][vc_column width=&#8221;1\/2&#8243; el_class=&#8221;col-sm-pull-6&#8243;]<div class=\"heading_group_sc wpb_content_element subtitle_top    text-left\">\r\n\r\n        <span class=\"subtitle\">HOTEL L'ARCHIPEL<\/span>\r\n\r\n    <h3>REPAS SP\u00c9CIAUX<\/h3>\n\r\n\r\n\r\n<\/div>[vc_column_text]Cr\u00e9ez et personnalisez votre propre exp\u00e9rience culinaire \u2013 des cocktails au coucher du soleil, barbecues ou des d\u00eeners priv\u00e9s soit au bord de la plage, au bord de la piscine ou sur le ponton.[\/vc_column_text]<div class=\"plethora_button wpb_content_element   text-left \">\r\n    <a href=\"https:\/\/book.securebookings.net\/roomrate?id=2da5b732-8857-1597648148-4a4d-8daa-265a0fcc3ada&#038;lang=fr\" class=\" btn-link btn-default  \" title=\"Reservations\"  target=\"_blank\">\r\n\r\n        \r\n        R\u00c9SERVER\r\n        \r\n\r\n    <\/a>\r\n<\/div>[\/vc_column][\/vc_row][vc_row full_width=&#8221;stretch_row&#8221; content_placement=&#8221;middle&#8221; color_set=&#8221;white_section&#8221; row_padding_top=&#8221;padding_top_none&#8221;][vc_column width=&#8221;1\/2&#8243;][vc_images_carousel images=&#8221;2343,2330,2332,2334,2326,2328,2336,2338&#8243; img_size=&#8221;full&#8221; onclick=&#8221;link_no&#8221;][\/vc_column][vc_column width=&#8221;1\/2&#8243;]<div class=\"heading_group_sc wpb_content_element subtitle_top    text-left\">\r\n\r\n        <span class=\"subtitle\">HOTEL L'ARCHIPEL<\/span>\r\n\r\n    <h3>SOIR\u00c9ES \u00c0 TH\u00c8ME<\/h3>\n\r\n\r\n\r\n<\/div>[vc_column_text]Parmi nos attractions, ne manquez pas les soir\u00e9es \u00e0 th\u00e8me hebdomadaires, les barbecues conviviaux et le spectacle de la grillade de fruits mer en direct au bord de la plage. La soir\u00e9e cr\u00e9ole sp\u00e9ciale est accompagn\u00e9e d\u2019un buffet de cuisine locale, de spectacles et \u00e0 l\u2019occasion, d\u2019une danse Moutya. L\u2019h\u00f4tel est heureux de r\u00e9pondre aux besoins di\u00e9t\u00e9tiques particuliers de ses clients et propose \u00e9galement des d\u00e9jeuners pique-nique et des d\u00eeners romantiques au coucher du soleil qui mettront vos sens culinaires en \u00e9veil. Les clients qui vont \u00e0 la p\u00eache peuvent demander au chef de pr\u00e9parer leur prise du jour.[\/vc_column_text]<div class=\"plethora_button wpb_content_element   text-left \">\r\n    <a href=\"https:\/\/book.securebookings.net\/roomrate?id=2da5b732-8857-1597648148-4a4d-8daa-265a0fcc3ada&#038;lang=fr\" class=\" btn-link btn-default  \" title=\"Reservations\"  target=\"_blank\">\r\n\r\n        \r\n        R\u00c9SERVER\r\n        \r\n\r\n    <\/a>\r\n<\/div>[\/vc_column][\/vc_row][vc_row full_width=&#8221;stretch_row&#8221; color_set=&#8221;black_section&#8221; css=&#8221;.vc_custom_1636624493980{background-image: url(http:\/\/larchipel.whl-staging.com\/wp-content\/uploads\/2021\/11\/footer-restaurant.jpeg?id=1463) !important;background-position: center !important;background-repeat: no-repeat !important;background-size: cover !important;}&#8221;][vc_column width=&#8221;2\/3&#8243; offset=&#8221;vc_col-sm-offset-2&#8243;]<div class=\"heading_group_sc wpb_content_element subtitle_bottom    text-center\">\r\n\r\n\r\n    <h2>R\u00e9servez une chambre et prenez place!<\/h2>\n\r\n\r\n        <span class=\"subtitle\"><\/span>\r\n\r\n<\/div>[vc_column_text]<\/p>\n<p style=\"text-align: center;\">R\u00e9servez votre chambre directement avec nous sur notre site internet avec les meilleures r\u00e9ductions et r\u00e9servez automatiquement une place dans notre bar et restaurant. Alors n\u2019attendez plus, commandez votre chambre d\u00e8s maintenant!<\/p>\n<p>[\/vc_column_text]<div class=\"plethora_button wpb_content_element   text-center \">\r\n    <a href=\"https:\/\/book.securebookings.net\/roomrate?id=2da5b732-8857-1597648148-4a4d-8daa-265a0fcc3ada&#038;lang=fr\" class=\" btn btn-white  \" title=\"Reservations\"  target=\"_blank\">\r\n\r\n        \r\n        R\u00c9SERVER\r\n        \r\n\r\n    <\/a>\r\n<\/div>[\/vc_column][\/vc_row]<\/p>\n","protected":false},"excerpt":{"rendered":"<p>[vc_row full_width=&#8221;stretch_row&#8221; color_set=&#8221;white_section&#8221;][vc_column][vc_column_text] [\/vc_column_text][\/vc_column][\/vc_row][vc_row full_width=&#8221;stretch_row&#8221; content_placement=&#8221;middle&#8221; color_set=&#8221;white_section&#8221; row_padding_top=&#8221;padding_top_none&#8221; row_padding_bottom=&#8221;padding_bottom_none&#8221;][vc_column width=&#8221;1\/2&#8243; el_class=&#8221;col-sm-push-6&#8243;][vc_images_carousel images=&#8221;2040,2044,2288,2042,2290&#8243; img_size=&#8221;full&#8221; onclick=&#8221;link_no&#8221;][\/vc_column][vc_column width=&#8221;1\/2&#8243; el_class=&#8221;col-sm-pull-6&#8243;][vc_column_text]Situ\u00e9e au premier \u00e9tage du bar, La Feuille d\u2019or offre un panorama \u00e0 couper le souffle et une ambiance plus isol\u00e9e, id\u00e9ale lorsque le temps ne permet pas de d\u00eener en plein air.[\/vc_column_text][\/vc_column][\/vc_row][vc_row full_width=&#8221;stretch_row&#8221; content_placement=&#8221;middle&#8221; color_set=&#8221;white_section&#8221; row_padding_top=&#8221;padding_top_none&#8221; row_padding_bottom=&#8221;padding_bottom_none&#8221;][vc_column width=&#8221;1\/2&#8243;][vc_images_carousel images=&#8221;2052,2294,2048,2292,2302,2300,2304,2296,2306,2054,2308,2310&#8243; [&hellip;]<\/p>\n","protected":false},"author":1,"featured_media":2316,"parent":0,"menu_order":0,"comment_status":"closed","ping_status":"closed","template":"","meta":{"om_disable_all_campaigns":false,"footnotes":""},"class_list":["post-1748","page","type-page","status-publish","has-post-thumbnail","hentry"],"yoast_head":"<!-- This site is optimized with the Yoast SEO plugin v27.2 - https:\/\/yoast.com\/product\/yoast-seo-wordpress\/ -->\n<title>Restaurants - Hotel L&#039;archipel<\/title>\n<meta name=\"robots\" content=\"index, follow, max-snippet:-1, max-image-preview:large, max-video-preview:-1\" \/>\n<link rel=\"canonical\" href=\"https:\/\/www.larchipel.com\/fr\/restaurants\/\" \/>\n<meta property=\"og:locale\" content=\"fr_FR\" \/>\n<meta property=\"og:type\" content=\"article\" \/>\n<meta property=\"og:title\" content=\"Restaurants - Hotel L&#039;archipel\" \/>\n<meta property=\"og:description\" content=\"[vc_row full_width=&#8221;stretch_row&#8221; color_set=&#8221;white_section&#8221;][vc_column][vc_column_text] [\/vc_column_text][\/vc_column][\/vc_row][vc_row full_width=&#8221;stretch_row&#8221; content_placement=&#8221;middle&#8221; color_set=&#8221;white_section&#8221; row_padding_top=&#8221;padding_top_none&#8221; row_padding_bottom=&#8221;padding_bottom_none&#8221;][vc_column width=&#8221;1\/2&#8243; el_class=&#8221;col-sm-push-6&#8243;][vc_images_carousel images=&#8221;2040,2044,2288,2042,2290&#8243; img_size=&#8221;full&#8221; onclick=&#8221;link_no&#8221;][\/vc_column][vc_column width=&#8221;1\/2&#8243; el_class=&#8221;col-sm-pull-6&#8243;][vc_column_text]Situ\u00e9e au premier \u00e9tage du bar, La Feuille d\u2019or offre un panorama \u00e0 couper le souffle et une ambiance plus isol\u00e9e, id\u00e9ale lorsque le temps ne permet pas de d\u00eener en plein air.[\/vc_column_text][\/vc_column][\/vc_row][vc_row full_width=&#8221;stretch_row&#8221; content_placement=&#8221;middle&#8221; color_set=&#8221;white_section&#8221; row_padding_top=&#8221;padding_top_none&#8221; row_padding_bottom=&#8221;padding_bottom_none&#8221;][vc_column width=&#8221;1\/2&#8243;][vc_images_carousel images=&#8221;2052,2294,2048,2292,2302,2300,2304,2296,2306,2054,2308,2310&#8243; [&hellip;]\" \/>\n<meta property=\"og:url\" content=\"https:\/\/www.larchipel.com\/fr\/restaurants\/\" \/>\n<meta property=\"og:site_name\" content=\"Hotel L&#039;archipel\" \/>\n<meta property=\"article:modified_time\" content=\"2026-03-03T06:02:53+00:00\" \/>\n<meta property=\"og:image\" content=\"https:\/\/www.larchipel.com\/wp-content\/uploads\/2026\/02\/LaGigoletteRestaurant16-1024x723.jpg\" \/>\n\t<meta property=\"og:image:width\" content=\"1024\" \/>\n\t<meta property=\"og:image:height\" content=\"723\" \/>\n\t<meta property=\"og:image:type\" content=\"image\/jpeg\" \/>\n<meta name=\"twitter:card\" content=\"summary_large_image\" \/>\n<meta name=\"twitter:label1\" content=\"Est. reading time\" \/>\n\t<meta name=\"twitter:data1\" content=\"3 minutes\" \/>\n<script type=\"application\/ld+json\" class=\"yoast-schema-graph\">{\"@context\":\"https:\/\/schema.org\",\"@graph\":[{\"@type\":\"WebPage\",\"@id\":\"https:\/\/www.larchipel.com\/fr\/restaurants\/\",\"url\":\"https:\/\/www.larchipel.com\/fr\/restaurants\/\",\"name\":\"Restaurants - Hotel L&#039;archipel\",\"isPartOf\":{\"@id\":\"https:\/\/www.larchipel.com\/#website\"},\"primaryImageOfPage\":{\"@id\":\"https:\/\/www.larchipel.com\/fr\/restaurants\/#primaryimage\"},\"image\":{\"@id\":\"https:\/\/www.larchipel.com\/fr\/restaurants\/#primaryimage\"},\"thumbnailUrl\":\"https:\/\/www.larchipel.com\/wp-content\/uploads\/2026\/02\/LaGigoletteRestaurant16.jpg\",\"datePublished\":\"2021-11-18T11:04:26+00:00\",\"dateModified\":\"2026-03-03T06:02:53+00:00\",\"breadcrumb\":{\"@id\":\"https:\/\/www.larchipel.com\/fr\/restaurants\/#breadcrumb\"},\"inLanguage\":\"fr-FR\",\"potentialAction\":[{\"@type\":\"ReadAction\",\"target\":[\"https:\/\/www.larchipel.com\/fr\/restaurants\/\"]}]},{\"@type\":\"ImageObject\",\"inLanguage\":\"fr-FR\",\"@id\":\"https:\/\/www.larchipel.com\/fr\/restaurants\/#primaryimage\",\"url\":\"https:\/\/www.larchipel.com\/wp-content\/uploads\/2026\/02\/LaGigoletteRestaurant16.jpg\",\"contentUrl\":\"https:\/\/www.larchipel.com\/wp-content\/uploads\/2026\/02\/LaGigoletteRestaurant16.jpg\",\"width\":8984,\"height\":6342},{\"@type\":\"BreadcrumbList\",\"@id\":\"https:\/\/www.larchipel.com\/fr\/restaurants\/#breadcrumb\",\"itemListElement\":[{\"@type\":\"ListItem\",\"position\":1,\"name\":\"Home\",\"item\":\"https:\/\/www.larchipel.com\/fr\/\"},{\"@type\":\"ListItem\",\"position\":2,\"name\":\"Restaurants\"}]},{\"@type\":\"WebSite\",\"@id\":\"https:\/\/www.larchipel.com\/#website\",\"url\":\"https:\/\/www.larchipel.com\/\",\"name\":\"Hotel L&#039;archipel\",\"description\":\"Praslin, Seychelles\",\"potentialAction\":[{\"@type\":\"SearchAction\",\"target\":{\"@type\":\"EntryPoint\",\"urlTemplate\":\"https:\/\/www.larchipel.com\/?s={search_term_string}\"},\"query-input\":{\"@type\":\"PropertyValueSpecification\",\"valueRequired\":true,\"valueName\":\"search_term_string\"}}],\"inLanguage\":\"fr-FR\"}]}<\/script>\n<!-- \/ Yoast SEO plugin. -->","yoast_head_json":{"title":"Restaurants - Hotel L&#039;archipel","robots":{"index":"index","follow":"follow","max-snippet":"max-snippet:-1","max-image-preview":"max-image-preview:large","max-video-preview":"max-video-preview:-1"},"canonical":"https:\/\/www.larchipel.com\/fr\/restaurants\/","og_locale":"fr_FR","og_type":"article","og_title":"Restaurants - Hotel L&#039;archipel","og_description":"[vc_row full_width=&#8221;stretch_row&#8221; color_set=&#8221;white_section&#8221;][vc_column][vc_column_text] [\/vc_column_text][\/vc_column][\/vc_row][vc_row full_width=&#8221;stretch_row&#8221; content_placement=&#8221;middle&#8221; color_set=&#8221;white_section&#8221; row_padding_top=&#8221;padding_top_none&#8221; row_padding_bottom=&#8221;padding_bottom_none&#8221;][vc_column width=&#8221;1\/2&#8243; el_class=&#8221;col-sm-push-6&#8243;][vc_images_carousel images=&#8221;2040,2044,2288,2042,2290&#8243; img_size=&#8221;full&#8221; onclick=&#8221;link_no&#8221;][\/vc_column][vc_column width=&#8221;1\/2&#8243; el_class=&#8221;col-sm-pull-6&#8243;][vc_column_text]Situ\u00e9e au premier \u00e9tage du bar, La Feuille d\u2019or offre un panorama \u00e0 couper le souffle et une ambiance plus isol\u00e9e, id\u00e9ale lorsque le temps ne permet pas de d\u00eener en plein air.[\/vc_column_text][\/vc_column][\/vc_row][vc_row full_width=&#8221;stretch_row&#8221; content_placement=&#8221;middle&#8221; color_set=&#8221;white_section&#8221; row_padding_top=&#8221;padding_top_none&#8221; row_padding_bottom=&#8221;padding_bottom_none&#8221;][vc_column width=&#8221;1\/2&#8243;][vc_images_carousel images=&#8221;2052,2294,2048,2292,2302,2300,2304,2296,2306,2054,2308,2310&#8243; [&hellip;]","og_url":"https:\/\/www.larchipel.com\/fr\/restaurants\/","og_site_name":"Hotel L&#039;archipel","article_modified_time":"2026-03-03T06:02:53+00:00","og_image":[{"width":1024,"height":723,"url":"https:\/\/www.larchipel.com\/wp-content\/uploads\/2026\/02\/LaGigoletteRestaurant16-1024x723.jpg","type":"image\/jpeg"}],"twitter_card":"summary_large_image","twitter_misc":{"Est. reading time":"3 minutes"},"schema":{"@context":"https:\/\/schema.org","@graph":[{"@type":"WebPage","@id":"https:\/\/www.larchipel.com\/fr\/restaurants\/","url":"https:\/\/www.larchipel.com\/fr\/restaurants\/","name":"Restaurants - Hotel L&#039;archipel","isPartOf":{"@id":"https:\/\/www.larchipel.com\/#website"},"primaryImageOfPage":{"@id":"https:\/\/www.larchipel.com\/fr\/restaurants\/#primaryimage"},"image":{"@id":"https:\/\/www.larchipel.com\/fr\/restaurants\/#primaryimage"},"thumbnailUrl":"https:\/\/www.larchipel.com\/wp-content\/uploads\/2026\/02\/LaGigoletteRestaurant16.jpg","datePublished":"2021-11-18T11:04:26+00:00","dateModified":"2026-03-03T06:02:53+00:00","breadcrumb":{"@id":"https:\/\/www.larchipel.com\/fr\/restaurants\/#breadcrumb"},"inLanguage":"fr-FR","potentialAction":[{"@type":"ReadAction","target":["https:\/\/www.larchipel.com\/fr\/restaurants\/"]}]},{"@type":"ImageObject","inLanguage":"fr-FR","@id":"https:\/\/www.larchipel.com\/fr\/restaurants\/#primaryimage","url":"https:\/\/www.larchipel.com\/wp-content\/uploads\/2026\/02\/LaGigoletteRestaurant16.jpg","contentUrl":"https:\/\/www.larchipel.com\/wp-content\/uploads\/2026\/02\/LaGigoletteRestaurant16.jpg","width":8984,"height":6342},{"@type":"BreadcrumbList","@id":"https:\/\/www.larchipel.com\/fr\/restaurants\/#breadcrumb","itemListElement":[{"@type":"ListItem","position":1,"name":"Home","item":"https:\/\/www.larchipel.com\/fr\/"},{"@type":"ListItem","position":2,"name":"Restaurants"}]},{"@type":"WebSite","@id":"https:\/\/www.larchipel.com\/#website","url":"https:\/\/www.larchipel.com\/","name":"Hotel L&#039;archipel","description":"Praslin, Seychelles","potentialAction":[{"@type":"SearchAction","target":{"@type":"EntryPoint","urlTemplate":"https:\/\/www.larchipel.com\/?s={search_term_string}"},"query-input":{"@type":"PropertyValueSpecification","valueRequired":true,"valueName":"search_term_string"}}],"inLanguage":"fr-FR"}]}},"_links":{"self":[{"href":"https:\/\/www.larchipel.com\/fr\/wp-json\/wp\/v2\/pages\/1748","targetHints":{"allow":["GET"]}}],"collection":[{"href":"https:\/\/www.larchipel.com\/fr\/wp-json\/wp\/v2\/pages"}],"about":[{"href":"https:\/\/www.larchipel.com\/fr\/wp-json\/wp\/v2\/types\/page"}],"author":[{"embeddable":true,"href":"https:\/\/www.larchipel.com\/fr\/wp-json\/wp\/v2\/users\/1"}],"replies":[{"embeddable":true,"href":"https:\/\/www.larchipel.com\/fr\/wp-json\/wp\/v2\/comments?post=1748"}],"version-history":[{"count":21,"href":"https:\/\/www.larchipel.com\/fr\/wp-json\/wp\/v2\/pages\/1748\/revisions"}],"predecessor-version":[{"id":2348,"href":"https:\/\/www.larchipel.com\/fr\/wp-json\/wp\/v2\/pages\/1748\/revisions\/2348"}],"wp:featuredmedia":[{"embeddable":true,"href":"https:\/\/www.larchipel.com\/fr\/wp-json\/wp\/v2\/media\/2316"}],"wp:attachment":[{"href":"https:\/\/www.larchipel.com\/fr\/wp-json\/wp\/v2\/media?parent=1748"}],"curies":[{"name":"wp","href":"https:\/\/api.w.org\/{rel}","templated":true}]}}