{"id":1753,"date":"2021-11-18T11:19:47","date_gmt":"2021-11-18T11:19:47","guid":{"rendered":"https:\/\/larchipel.whl-staging.com\/mariage\/"},"modified":"2026-03-03T05:54:18","modified_gmt":"2026-03-03T05:54:18","slug":"mariage","status":"publish","type":"page","link":"https:\/\/www.larchipel.com\/fr\/mariage\/","title":{"rendered":"Mariage"},"content":{"rendered":"<p>[vc_row full_width=&#8221;stretch_row&#8221; content_placement=&#8221;middle&#8221; color_set=&#8221;white_section&#8221; row_padding_bottom=&#8221;padding_bottom_none&#8221;][vc_column width=&#8221;1\/2&#8243; el_class=&#8221;col-sm-push-6&#8243;][vc_single_image image=&#8221;1448&#8243; img_size=&#8221;large&#8221;][\/vc_column][vc_column width=&#8221;1\/2&#8243; el_class=&#8221;col-sm-pull-6&#8243;]<div class=\"heading_group_sc wpb_content_element subtitle_top    text-left\">\r\n\r\n        <span class=\"subtitle\">HOTEL L'ARCHIPEL<\/span>\r\n\r\n    <h3>PACKAGE PATCHOULLI<\/h3>\n\r\n\r\n\r\n<\/div>[vc_column_text]<\/p>\n<p id=\"tw-target-text\" class=\"tw-data-text tw-text-large tw-ta\" dir=\"ltr\" data-placeholder=\"Translation\" data-ved=\"2ahUKEwiNl-2UqICCAxXlVKQEHZzSBt0Q3ewLegQIBhAQ\"><span class=\"Y2IQFc\" lang=\"fr\">Lieu de mariage gratuit<br \/>\n<\/span><span class=\"Y2IQFc\" lang=\"fr\">Frais de bureau d\u2019enregistrement et d\u2019administration<br \/>\nG\u00e2teau de mariage \u00e0 deux \u00e9tage<br \/>\n1 Bouteille de champagne (pendant la c\u00e9r\u00e9monie)<br \/>\n<\/span><span class=\"Y2IQFc\" lang=\"fr\">1 D\u00eener de fruits de mer aux chandelles sur la plage (si le temps le permet)<br \/>\n1 Bouteille de vin gratuite avec d\u00eener aux chandelles<br \/>\n1 Bouquet Long + Boutonni\u00e8re<br \/>\nPhotographe 80 photos retouch\u00e9es (via WeTransfer) + toutes les photos originales sur USB<br \/>\nCoiffure De Mari\u00e9e<br \/>\nMaquillage de mari\u00e9e<br \/>\nCroisi\u00e8re au coucher du soleil avec canap\u00e9s et boissons non alcoolis\u00e9es pour les mari\u00e9s<\/span><\/p>\n<p>[\/vc_column_text][\/vc_column][\/vc_row][vc_row full_width=&#8221;stretch_row&#8221; content_placement=&#8221;middle&#8221; color_set=&#8221;white_section&#8221; row_padding_top=&#8221;padding_top_none&#8221; row_padding_bottom=&#8221;padding_bottom_none&#8221;][vc_column width=&#8221;1\/2&#8243;][vc_single_image image=&#8221;2384&#8243; img_size=&#8221;large&#8221;][\/vc_column][vc_column width=&#8221;1\/2&#8243;]<div class=\"heading_group_sc wpb_content_element subtitle_top    text-left\">\r\n\r\n        <span class=\"subtitle\">HOTEL L'ARCHIPEL<\/span>\r\n\r\n    <h3>PACKAGE VANILLE<\/h3>\n\r\n\r\n\r\n<\/div>[vc_column_text]<\/p>\n<p id=\"tw-target-text\" class=\"tw-data-text tw-text-large tw-ta\" dir=\"ltr\" data-placeholder=\"Translation\" data-ved=\"2ahUKEwiNl-2UqICCAxXlVKQEHZzSBt0Q3ewLegQIBhAQ\"><span class=\"Y2IQFc\" lang=\"fr\">Lieu de mariage gratuit<br \/>\n<\/span><span class=\"Y2IQFc\" lang=\"fr\">Frais de bureau d\u2019enregistrement et d\u2019administration<br \/>\nG\u00e2teau de mariage \u00e0 un \u00e9tage<br \/>\n1 Bouteille de champagne<br \/>\n1 D\u00eener de fruits de mer aux chandelles sur la plage (si le temps le permet)<br \/>\n1 Bouquet et boutonni\u00e8re<br \/>\nPhotographe 80 photos retouch\u00e9es (via WeTransfer)<\/span><\/p>\n<p>[\/vc_column_text][\/vc_column][\/vc_row][vc_row full_width=&#8221;stretch_row&#8221; content_placement=&#8221;middle&#8221; color_set=&#8221;white_section&#8221; row_padding_top=&#8221;padding_top_none&#8221;][vc_column width=&#8221;1\/2&#8243; el_class=&#8221;col-sm-push-6&#8243;][vc_single_image image=&#8221;1452&#8243; img_size=&#8221;large&#8221;][\/vc_column][vc_column width=&#8221;1\/2&#8243; el_class=&#8221;col-sm-pull-6&#8243;]<div class=\"heading_group_sc wpb_content_element subtitle_top    text-left\">\r\n\r\n        <span class=\"subtitle\">HOTEL L'ARCHIPEL<\/span>\r\n\r\n    <h3>PACKAGE CANELLE<\/h3>\n\r\n\r\n\r\n<\/div>[vc_column_text]<\/p>\n<p id=\"tw-target-text\" class=\"tw-data-text tw-text-large tw-ta\" dir=\"ltr\" data-placeholder=\"Translation\" data-ved=\"2ahUKEwiNl-2UqICCAxXlVKQEHZzSBt0Q3ewLegQIBhAQ\"><span class=\"Y2IQFc\" lang=\"fr\">Lieu de mariage gratuit Frais de bureau d\u2019enregistrement et d\u2019administration<br \/>\nG\u00e2teau de mariage \u00e0 un \u00e9tage<br \/>\n1 Bouteille de vin mousseux<br \/>\n1 D\u00eener de fruits de mer aux chandelles sur la plage (si le temps le permet)<br \/>\n<\/span><span class=\"Y2IQFc\" lang=\"fr\">1 Bouquet et boutonni\u00e8re<\/span><\/p>\n<p>[\/vc_column_text][\/vc_column][\/vc_row][vc_row full_width=&#8221;stretch_row&#8221; color_set=&#8221;black_section&#8221; css=&#8221;.vc_custom_1486026784071{background-image: url(http:\/\/larchipel.local\/wp-content\/uploads\/2016\/11\/restaurant-banner-1.jpg?id=240) !important;background-position: center !important;background-repeat: no-repeat !important;background-size: cover !important;}&#8221;][vc_column width=&#8221;2\/3&#8243; offset=&#8221;vc_col-sm-offset-2&#8243;]<div class=\"heading_group_sc wpb_content_element subtitle_bottom    text-center\">\r\n\r\n\r\n    <h2>R\u00e9servez votre s\u00e9jour avec nous<\/h2>\n\r\n\r\n        <span class=\"subtitle\"><\/span>\r\n\r\n<\/div>[vc_column_text]<\/p>\n<p style=\"text-align: center;\">R\u00e9servez votre chambre directement avec nous sur notre site internet avec les meilleures r\u00e9ductions et r\u00e9servez automatiquement une place dans notre bar et restaurant. Alors n&#8217;attendez plus, r\u00e9servez votre chambre d\u00e8s maintenant!<\/p>\n<p>[\/vc_column_text]<div class=\"plethora_button wpb_content_element   text-center \">\r\n    <a href=\"https:\/\/larchipel.securedreservations.com\/\" class=\" btn btn-white  \" title=\"R\u00c9SERVER\"  target=\"_blank\">\r\n\r\n        \r\n        R\u00c9SERVEZ\r\n        \r\n\r\n    <\/a>\r\n<\/div>[\/vc_column][\/vc_row]<\/p>\n","protected":false},"excerpt":{"rendered":"<p>[vc_row full_width=&#8221;stretch_row&#8221; content_placement=&#8221;middle&#8221; color_set=&#8221;white_section&#8221; row_padding_bottom=&#8221;padding_bottom_none&#8221;][vc_column width=&#8221;1\/2&#8243; el_class=&#8221;col-sm-push-6&#8243;][vc_single_image image=&#8221;1448&#8243; img_size=&#8221;large&#8221;][\/vc_column][vc_column width=&#8221;1\/2&#8243; el_class=&#8221;col-sm-pull-6&#8243;][vc_column_text] Lieu de mariage gratuit Frais de bureau d\u2019enregistrement et d\u2019administration G\u00e2teau de mariage \u00e0 deux \u00e9tage 1 Bouteille de champagne (pendant la c\u00e9r\u00e9monie) 1 D\u00eener de fruits de mer aux chandelles sur la plage (si le temps le permet) 1 Bouteille de vin gratuite [&hellip;]<\/p>\n","protected":false},"author":1,"featured_media":1707,"parent":0,"menu_order":0,"comment_status":"closed","ping_status":"closed","template":"","meta":{"om_disable_all_campaigns":false,"footnotes":""},"class_list":["post-1753","page","type-page","status-publish","has-post-thumbnail","hentry"],"yoast_head":"<!-- This site is optimized with the Yoast SEO plugin v27.2 - https:\/\/yoast.com\/product\/yoast-seo-wordpress\/ -->\n<title>Mariage - Hotel L&#039;archipel<\/title>\n<meta name=\"robots\" content=\"index, follow, max-snippet:-1, max-image-preview:large, max-video-preview:-1\" \/>\n<link rel=\"canonical\" href=\"https:\/\/www.larchipel.com\/fr\/mariage\/\" \/>\n<meta property=\"og:locale\" content=\"fr_FR\" \/>\n<meta property=\"og:type\" content=\"article\" \/>\n<meta property=\"og:title\" content=\"Mariage - Hotel L&#039;archipel\" \/>\n<meta property=\"og:description\" content=\"[vc_row full_width=&#8221;stretch_row&#8221; content_placement=&#8221;middle&#8221; color_set=&#8221;white_section&#8221; row_padding_bottom=&#8221;padding_bottom_none&#8221;][vc_column width=&#8221;1\/2&#8243; el_class=&#8221;col-sm-push-6&#8243;][vc_single_image image=&#8221;1448&#8243; img_size=&#8221;large&#8221;][\/vc_column][vc_column width=&#8221;1\/2&#8243; el_class=&#8221;col-sm-pull-6&#8243;][vc_column_text] Lieu de mariage gratuit Frais de bureau d\u2019enregistrement et d\u2019administration G\u00e2teau de mariage \u00e0 deux \u00e9tage 1 Bouteille de champagne (pendant la c\u00e9r\u00e9monie) 1 D\u00eener de fruits de mer aux chandelles sur la plage (si le temps le permet) 1 Bouteille de vin gratuite [&hellip;]\" \/>\n<meta property=\"og:url\" content=\"https:\/\/www.larchipel.com\/fr\/mariage\/\" \/>\n<meta property=\"og:site_name\" content=\"Hotel L&#039;archipel\" \/>\n<meta property=\"article:modified_time\" content=\"2026-03-03T05:54:18+00:00\" \/>\n<meta property=\"og:image\" content=\"https:\/\/www.larchipel.com\/wp-content\/uploads\/2021\/11\/head-wedding.jpg\" \/>\n\t<meta property=\"og:image:width\" content=\"1920\" \/>\n\t<meta property=\"og:image:height\" content=\"600\" \/>\n\t<meta property=\"og:image:type\" content=\"image\/jpeg\" \/>\n<meta name=\"twitter:card\" content=\"summary_large_image\" \/>\n<meta name=\"twitter:label1\" content=\"Est. reading time\" \/>\n\t<meta name=\"twitter:data1\" content=\"2 minutes\" \/>\n<script type=\"application\/ld+json\" class=\"yoast-schema-graph\">{\"@context\":\"https:\/\/schema.org\",\"@graph\":[{\"@type\":\"WebPage\",\"@id\":\"https:\/\/www.larchipel.com\/fr\/mariage\/\",\"url\":\"https:\/\/www.larchipel.com\/fr\/mariage\/\",\"name\":\"Mariage - Hotel L&#039;archipel\",\"isPartOf\":{\"@id\":\"https:\/\/www.larchipel.com\/#website\"},\"primaryImageOfPage\":{\"@id\":\"https:\/\/www.larchipel.com\/fr\/mariage\/#primaryimage\"},\"image\":{\"@id\":\"https:\/\/www.larchipel.com\/fr\/mariage\/#primaryimage\"},\"thumbnailUrl\":\"https:\/\/www.larchipel.com\/wp-content\/uploads\/2021\/11\/head-wedding.jpg\",\"datePublished\":\"2021-11-18T11:19:47+00:00\",\"dateModified\":\"2026-03-03T05:54:18+00:00\",\"breadcrumb\":{\"@id\":\"https:\/\/www.larchipel.com\/fr\/mariage\/#breadcrumb\"},\"inLanguage\":\"fr-FR\",\"potentialAction\":[{\"@type\":\"ReadAction\",\"target\":[\"https:\/\/www.larchipel.com\/fr\/mariage\/\"]}]},{\"@type\":\"ImageObject\",\"inLanguage\":\"fr-FR\",\"@id\":\"https:\/\/www.larchipel.com\/fr\/mariage\/#primaryimage\",\"url\":\"https:\/\/www.larchipel.com\/wp-content\/uploads\/2021\/11\/head-wedding.jpg\",\"contentUrl\":\"https:\/\/www.larchipel.com\/wp-content\/uploads\/2021\/11\/head-wedding.jpg\",\"width\":1920,\"height\":600},{\"@type\":\"BreadcrumbList\",\"@id\":\"https:\/\/www.larchipel.com\/fr\/mariage\/#breadcrumb\",\"itemListElement\":[{\"@type\":\"ListItem\",\"position\":1,\"name\":\"Home\",\"item\":\"https:\/\/www.larchipel.com\/fr\/\"},{\"@type\":\"ListItem\",\"position\":2,\"name\":\"Mariage\"}]},{\"@type\":\"WebSite\",\"@id\":\"https:\/\/www.larchipel.com\/#website\",\"url\":\"https:\/\/www.larchipel.com\/\",\"name\":\"Hotel L&#039;archipel\",\"description\":\"Praslin, Seychelles\",\"potentialAction\":[{\"@type\":\"SearchAction\",\"target\":{\"@type\":\"EntryPoint\",\"urlTemplate\":\"https:\/\/www.larchipel.com\/?s={search_term_string}\"},\"query-input\":{\"@type\":\"PropertyValueSpecification\",\"valueRequired\":true,\"valueName\":\"search_term_string\"}}],\"inLanguage\":\"fr-FR\"}]}<\/script>\n<!-- \/ Yoast SEO plugin. -->","yoast_head_json":{"title":"Mariage - Hotel L&#039;archipel","robots":{"index":"index","follow":"follow","max-snippet":"max-snippet:-1","max-image-preview":"max-image-preview:large","max-video-preview":"max-video-preview:-1"},"canonical":"https:\/\/www.larchipel.com\/fr\/mariage\/","og_locale":"fr_FR","og_type":"article","og_title":"Mariage - Hotel L&#039;archipel","og_description":"[vc_row full_width=&#8221;stretch_row&#8221; content_placement=&#8221;middle&#8221; color_set=&#8221;white_section&#8221; row_padding_bottom=&#8221;padding_bottom_none&#8221;][vc_column width=&#8221;1\/2&#8243; el_class=&#8221;col-sm-push-6&#8243;][vc_single_image image=&#8221;1448&#8243; img_size=&#8221;large&#8221;][\/vc_column][vc_column width=&#8221;1\/2&#8243; el_class=&#8221;col-sm-pull-6&#8243;][vc_column_text] Lieu de mariage gratuit Frais de bureau d\u2019enregistrement et d\u2019administration G\u00e2teau de mariage \u00e0 deux \u00e9tage 1 Bouteille de champagne (pendant la c\u00e9r\u00e9monie) 1 D\u00eener de fruits de mer aux chandelles sur la plage (si le temps le permet) 1 Bouteille de vin gratuite [&hellip;]","og_url":"https:\/\/www.larchipel.com\/fr\/mariage\/","og_site_name":"Hotel L&#039;archipel","article_modified_time":"2026-03-03T05:54:18+00:00","og_image":[{"width":1920,"height":600,"url":"https:\/\/www.larchipel.com\/wp-content\/uploads\/2021\/11\/head-wedding.jpg","type":"image\/jpeg"}],"twitter_card":"summary_large_image","twitter_misc":{"Est. reading time":"2 minutes"},"schema":{"@context":"https:\/\/schema.org","@graph":[{"@type":"WebPage","@id":"https:\/\/www.larchipel.com\/fr\/mariage\/","url":"https:\/\/www.larchipel.com\/fr\/mariage\/","name":"Mariage - Hotel L&#039;archipel","isPartOf":{"@id":"https:\/\/www.larchipel.com\/#website"},"primaryImageOfPage":{"@id":"https:\/\/www.larchipel.com\/fr\/mariage\/#primaryimage"},"image":{"@id":"https:\/\/www.larchipel.com\/fr\/mariage\/#primaryimage"},"thumbnailUrl":"https:\/\/www.larchipel.com\/wp-content\/uploads\/2021\/11\/head-wedding.jpg","datePublished":"2021-11-18T11:19:47+00:00","dateModified":"2026-03-03T05:54:18+00:00","breadcrumb":{"@id":"https:\/\/www.larchipel.com\/fr\/mariage\/#breadcrumb"},"inLanguage":"fr-FR","potentialAction":[{"@type":"ReadAction","target":["https:\/\/www.larchipel.com\/fr\/mariage\/"]}]},{"@type":"ImageObject","inLanguage":"fr-FR","@id":"https:\/\/www.larchipel.com\/fr\/mariage\/#primaryimage","url":"https:\/\/www.larchipel.com\/wp-content\/uploads\/2021\/11\/head-wedding.jpg","contentUrl":"https:\/\/www.larchipel.com\/wp-content\/uploads\/2021\/11\/head-wedding.jpg","width":1920,"height":600},{"@type":"BreadcrumbList","@id":"https:\/\/www.larchipel.com\/fr\/mariage\/#breadcrumb","itemListElement":[{"@type":"ListItem","position":1,"name":"Home","item":"https:\/\/www.larchipel.com\/fr\/"},{"@type":"ListItem","position":2,"name":"Mariage"}]},{"@type":"WebSite","@id":"https:\/\/www.larchipel.com\/#website","url":"https:\/\/www.larchipel.com\/","name":"Hotel L&#039;archipel","description":"Praslin, Seychelles","potentialAction":[{"@type":"SearchAction","target":{"@type":"EntryPoint","urlTemplate":"https:\/\/www.larchipel.com\/?s={search_term_string}"},"query-input":{"@type":"PropertyValueSpecification","valueRequired":true,"valueName":"search_term_string"}}],"inLanguage":"fr-FR"}]}},"_links":{"self":[{"href":"https:\/\/www.larchipel.com\/fr\/wp-json\/wp\/v2\/pages\/1753","targetHints":{"allow":["GET"]}}],"collection":[{"href":"https:\/\/www.larchipel.com\/fr\/wp-json\/wp\/v2\/pages"}],"about":[{"href":"https:\/\/www.larchipel.com\/fr\/wp-json\/wp\/v2\/types\/page"}],"author":[{"embeddable":true,"href":"https:\/\/www.larchipel.com\/fr\/wp-json\/wp\/v2\/users\/1"}],"replies":[{"embeddable":true,"href":"https:\/\/www.larchipel.com\/fr\/wp-json\/wp\/v2\/comments?post=1753"}],"version-history":[{"count":10,"href":"https:\/\/www.larchipel.com\/fr\/wp-json\/wp\/v2\/pages\/1753\/revisions"}],"predecessor-version":[{"id":2393,"href":"https:\/\/www.larchipel.com\/fr\/wp-json\/wp\/v2\/pages\/1753\/revisions\/2393"}],"wp:featuredmedia":[{"embeddable":true,"href":"https:\/\/www.larchipel.com\/fr\/wp-json\/wp\/v2\/media\/1707"}],"wp:attachment":[{"href":"https:\/\/www.larchipel.com\/fr\/wp-json\/wp\/v2\/media?parent=1753"}],"curies":[{"name":"wp","href":"https:\/\/api.w.org\/{rel}","templated":true}]}}