{"id":1756,"date":"2021-11-18T11:24:59","date_gmt":"2021-11-18T11:24:59","guid":{"rendered":"https:\/\/larchipel.whl-staging.com\/chambres\/"},"modified":"2021-11-18T11:24:59","modified_gmt":"2021-11-18T11:24:59","slug":"chambres","status":"publish","type":"page","link":"https:\/\/www.larchipel.com\/fr\/chambres\/","title":{"rendered":"Chambres"},"content":{"rendered":"<p>[vc_row][vc_column]<div class=\"ple_anypostloop_shortcode wpb_content_element  \"><div id=\"list_58469f451ced4\" class=\"rooms_list_classic_horizontal_wrapper \">\r\n        <div class=\"rooms_list_item   facultatif   white_section\" >\r\n        <div class=\"flex\">\r\n                <div class=\"col-sm-6 col-sm-push-6 rooms_list_item_photo\" style=\"background-image: url('https:\/\/www.larchipel.com\/wp-content\/uploads\/2016\/11\/Family-Suite-Denis-Master-bedroom-1024x614.jpg')\"><a href=\"https:\/\/www.larchipel.com\/fr\/room\/suite-familiale\/\" title=\"Suite Familiale\" target=\"_parent\" ><\/a><\/div>\r\n                <div class=\"col-sm-6 col-sm-pull-6\">\r\n                <div class=\"rooms_list_item_content\">\r\n                        <h3 class=\"textify_links\"><a href=\"https:\/\/www.larchipel.com\/fr\/room\/suite-familiale\/\" title=\"Suite Familiale\" target=\"_parent\" class=\"\">Suite Familiale<\/a><\/h3>\r\n                        <p class=\"subtitle\">SPACIEUX AVEC UN SALON ET UNE V\u00c9RANDA S\u00c9PAR\u00c9S<\/p>\r\n                        <div class=\"room_listed_amenities\">\r\n                               \r\n                                <i data-toggle=\"tooltip\" data-placement=\"top\" class=\"amenities hi hi-widescreen\" data-original-title=\"This room is equipped with a widescreen TV\"><\/i> \r\n                               \r\n                                <i data-toggle=\"tooltip\" data-placement=\"top\" class=\"amenities hi hi-bar\" data-original-title=\"This room is equipped with a mini bar\"><\/i> \r\n                               \r\n                                <i data-toggle=\"tooltip\" data-placement=\"top\" class=\"amenities hi hi-safebox\" data-original-title=\"This room is equipped with a safebox\"><\/i> \r\n                        <\/div>\r\n                        <p class=\"excerpt\">Les suites familiales sont tr\u00e8s spacieuses avec un salon et une v\u00e9randa s\u00e9par\u00e9s, un dressing et deux salles de bains avec des douches doubles offrant le confort et la fonctionnalit\u00e9 suppl\u00e9mentaires n\u00e9cessaires aux familles voyageant avec des enfants. Situ\u00e9es au premier \u00e9tage du b\u00e2timent principal,&hellip;<\/p>\r\n                        <a href=\"https:\/\/www.larchipel.com\/fr\/room\/suite-familiale\/\" title=\"Suite Familiale\" target=\"_parent\" class=\"btn btn-link \">Read More<\/a>\r\n                <\/div>\r\n                <\/div>\r\n        <\/div>\r\n        <\/div>\r\n        <div class=\"rooms_list_item   facultatif   white_section\" >\r\n        <div class=\"flex\">\r\n                <div class=\"col-sm-6 col-sm-push-6 rooms_list_item_photo\" style=\"background-image: url('https:\/\/www.larchipel.com\/wp-content\/uploads\/2021\/11\/Senior-Suite-4-1024x683.jpg')\"><a href=\"https:\/\/www.larchipel.com\/fr\/room\/suite-senior\/\" title=\"Suite Senior\" target=\"_parent\" ><\/a><\/div>\r\n                <div class=\"col-sm-6 col-sm-pull-6\">\r\n                <div class=\"rooms_list_item_content\">\r\n                        <h3 class=\"textify_links\"><a href=\"https:\/\/www.larchipel.com\/fr\/room\/suite-senior\/\" title=\"Suite Senior\" target=\"_parent\" class=\"\">Suite Senior<\/a><\/h3>\r\n                        <p class=\"subtitle\">LE PLUS GRAND CONFORT ET LUXE<\/p>\r\n                        <div class=\"room_listed_amenities\">\r\n                               \r\n                                <i data-toggle=\"tooltip\" data-placement=\"top\" class=\"amenities hi hi-widescreen\" data-original-title=\"This room is equipped with a widescreen TV\"><\/i> \r\n                               \r\n                                <i data-toggle=\"tooltip\" data-placement=\"top\" class=\"amenities hi hi-bathtub\" data-original-title=\"This room has a bathtub\"><\/i> \r\n                               \r\n                                <i data-toggle=\"tooltip\" data-placement=\"top\" class=\"amenities hi hi-hair-dryer\" data-original-title=\"This room is equipped with a hair dryer\"><\/i> \r\n                        <\/div>\r\n                        <p class=\"excerpt\">Les Suites Senior offrent le plus grand confort et luxe. Chaque suite est \u00e9quip\u00e9e d\u2019un dressing, d\u2019un espace salon et d\u2019une salle de bains avec baignoire et douche s\u00e9par\u00e9e. Deux de ces suites sont inter-connect\u00e9es, cr\u00e9ant un endroit id\u00e9al pour les familles ou les groupes&hellip;<\/p>\r\n                        <a href=\"https:\/\/www.larchipel.com\/fr\/room\/suite-senior\/\" title=\"Suite Senior\" target=\"_parent\" class=\"btn btn-link \">Read More<\/a>\r\n                <\/div>\r\n                <\/div>\r\n        <\/div>\r\n        <\/div>\r\n        <div class=\"rooms_list_item   facultatif   white_section\" >\r\n        <div class=\"flex\">\r\n                <div class=\"col-sm-6 col-sm-push-6 rooms_list_item_photo\" style=\"background-image: url('https:\/\/www.larchipel.com\/wp-content\/uploads\/2016\/11\/DSC4317_edit-Edit-Edit_Opt-1024x686.jpg')\"><a href=\"https:\/\/www.larchipel.com\/fr\/room\/chambre-deluxe\/\" title=\"Chambre Deluxe\" target=\"_parent\" ><\/a><\/div>\r\n                <div class=\"col-sm-6 col-sm-pull-6\">\r\n                <div class=\"rooms_list_item_content\">\r\n                        <h3 class=\"textify_links\"><a href=\"https:\/\/www.larchipel.com\/fr\/room\/chambre-deluxe\/\" title=\"Chambre Deluxe\" target=\"_parent\" class=\"\">Chambre Deluxe<\/a><\/h3>\r\n                        <p class=\"subtitle\">INTIME - ID\u00c9ALEMENT ADAPT\u00c9 AUX LUNE DE MIEL<\/p>\r\n                        <div class=\"room_listed_amenities\">\r\n                               \r\n                                <i data-toggle=\"tooltip\" data-placement=\"top\" class=\"amenities hi hi-widescreen\" data-original-title=\"This room is equipped with a widescreen TV\"><\/i> \r\n                               \r\n                                <i data-toggle=\"tooltip\" data-placement=\"top\" class=\"amenities hi hi-safebox\" data-original-title=\"This room is equipped with a safebox\"><\/i> \r\n                               \r\n                                <i data-toggle=\"tooltip\" data-placement=\"top\" class=\"amenities hi hi-hair-dryer\" data-original-title=\"This room is equipped with a hair dryer\"><\/i> \r\n                        <\/div>\r\n                        <p class=\"excerpt\">Les chambres de luxe sont spacieuses et discr\u00e8tes, parfaitement adapt\u00e9es pour les couples recherchant encore plus d\u2019intimit\u00e9 comme pour les voyages de noces, anniversaire de mariage ou un simple s\u00e9jour en amoureux et le simple plaisir de se retrouver juste \u00e0 deux. Dispers\u00e9s \u00e0 flanc&hellip;<\/p>\r\n                        <a href=\"https:\/\/www.larchipel.com\/fr\/room\/chambre-deluxe\/\" title=\"Chambre Deluxe\" target=\"_parent\" class=\"btn btn-link \">Read More<\/a>\r\n                <\/div>\r\n                <\/div>\r\n        <\/div>\r\n        <\/div>\r\n        <div class=\"rooms_list_item   facultatif   white_section\" >\r\n        <div class=\"flex\">\r\n                <div class=\"col-sm-6 col-sm-push-6 rooms_list_item_photo\" style=\"background-image: url('https:\/\/www.larchipel.com\/wp-content\/uploads\/2021\/11\/SuperiorRoom6-1024x658.jpg')\"><a href=\"https:\/\/www.larchipel.com\/fr\/room\/chambre-superieure\/\" title=\"Chambre Sup\u00e9rieure\" target=\"_parent\" ><\/a><\/div>\r\n                <div class=\"col-sm-6 col-sm-pull-6\">\r\n                <div class=\"rooms_list_item_content\">\r\n                        <h3 class=\"textify_links\"><a href=\"https:\/\/www.larchipel.com\/fr\/room\/chambre-superieure\/\" title=\"Chambre Sup\u00e9rieure\" target=\"_parent\" class=\"\">Chambre Sup\u00e9rieure<\/a><\/h3>\r\n                        <p class=\"subtitle\">UN COCON TROPICAL DE LUXE<\/p>\r\n                        <div class=\"room_listed_amenities\">\r\n                               \r\n                                <i data-toggle=\"tooltip\" data-placement=\"top\" class=\"amenities hi hi-widescreen\" data-original-title=\"This room is equipped with a widescreen TV\"><\/i> \r\n                               \r\n                                <i data-toggle=\"tooltip\" data-placement=\"top\" class=\"amenities hi hi-bar\" data-original-title=\"This room is equipped with a mini bar\"><\/i> \r\n                               \r\n                                <i data-toggle=\"tooltip\" data-placement=\"top\" class=\"amenities hi hi-room-service-1\" data-original-title=\"This room is equipped with a room service\"><\/i> \r\n                        <\/div>\r\n                        <p class=\"excerpt\">Les chambres Sup\u00e9rieures sont \u00e0 flanc de colline et c\u00f4t\u00e9 jardin avec terrasse priv\u00e9e ou balcon ouvrant sur la baie de C\u00f4te d\u2019Or. La d\u00e9coration m\u00e8le harmonieusement modernit\u00e9 et couleurs vives. Elles sont \u00e9quip\u00e9es de toutes les commodit\u00e9s essentielles, d\u2019un grand coin salon ainsi que&hellip;<\/p>\r\n                        <a href=\"https:\/\/www.larchipel.com\/fr\/room\/chambre-superieure\/\" title=\"Chambre Sup\u00e9rieure\" target=\"_parent\" class=\"btn btn-link \">Read More<\/a>\r\n                <\/div>\r\n                <\/div>\r\n        <\/div>\r\n        <\/div>\r\n<\/div><\/div>[\/vc_column][\/vc_row]<\/p>\n","protected":false},"excerpt":{"rendered":"<p>[vc_row][vc_column][\/vc_column][\/vc_row]<\/p>\n","protected":false},"author":1,"featured_media":1600,"parent":0,"menu_order":0,"comment_status":"closed","ping_status":"closed","template":"","meta":{"om_disable_all_campaigns":false,"footnotes":""},"class_list":["post-1756","page","type-page","status-publish","has-post-thumbnail","hentry"],"yoast_head":"<!-- This site is optimized with the Yoast SEO plugin v27.2 - https:\/\/yoast.com\/product\/yoast-seo-wordpress\/ -->\n<title>Chambres - Hotel L&#039;archipel<\/title>\n<meta name=\"robots\" content=\"index, follow, max-snippet:-1, max-image-preview:large, max-video-preview:-1\" \/>\n<link rel=\"canonical\" href=\"https:\/\/www.larchipel.com\/fr\/chambres\/\" \/>\n<meta property=\"og:locale\" content=\"fr_FR\" \/>\n<meta property=\"og:type\" content=\"article\" \/>\n<meta property=\"og:title\" content=\"Chambres - Hotel L&#039;archipel\" \/>\n<meta property=\"og:description\" content=\"[vc_row][vc_column][\/vc_column][\/vc_row]\" \/>\n<meta property=\"og:url\" content=\"https:\/\/www.larchipel.com\/fr\/chambres\/\" \/>\n<meta property=\"og:site_name\" content=\"Hotel L&#039;archipel\" \/>\n<meta property=\"og:image\" content=\"https:\/\/www.larchipel.com\/wp-content\/uploads\/2021\/10\/rooms-header.jpg\" \/>\n\t<meta property=\"og:image:width\" content=\"1920\" \/>\n\t<meta property=\"og:image:height\" content=\"763\" \/>\n\t<meta property=\"og:image:type\" content=\"image\/jpeg\" \/>\n<meta name=\"twitter:card\" content=\"summary_large_image\" \/>\n<script type=\"application\/ld+json\" class=\"yoast-schema-graph\">{\"@context\":\"https:\/\/schema.org\",\"@graph\":[{\"@type\":\"WebPage\",\"@id\":\"https:\/\/www.larchipel.com\/fr\/chambres\/\",\"url\":\"https:\/\/www.larchipel.com\/fr\/chambres\/\",\"name\":\"Chambres - Hotel L&#039;archipel\",\"isPartOf\":{\"@id\":\"https:\/\/www.larchipel.com\/#website\"},\"primaryImageOfPage\":{\"@id\":\"https:\/\/www.larchipel.com\/fr\/chambres\/#primaryimage\"},\"image\":{\"@id\":\"https:\/\/www.larchipel.com\/fr\/chambres\/#primaryimage\"},\"thumbnailUrl\":\"https:\/\/www.larchipel.com\/wp-content\/uploads\/2021\/10\/rooms-header.jpg\",\"datePublished\":\"2021-11-18T11:24:59+00:00\",\"breadcrumb\":{\"@id\":\"https:\/\/www.larchipel.com\/fr\/chambres\/#breadcrumb\"},\"inLanguage\":\"fr-FR\",\"potentialAction\":[{\"@type\":\"ReadAction\",\"target\":[\"https:\/\/www.larchipel.com\/fr\/chambres\/\"]}]},{\"@type\":\"ImageObject\",\"inLanguage\":\"fr-FR\",\"@id\":\"https:\/\/www.larchipel.com\/fr\/chambres\/#primaryimage\",\"url\":\"https:\/\/www.larchipel.com\/wp-content\/uploads\/2021\/10\/rooms-header.jpg\",\"contentUrl\":\"https:\/\/www.larchipel.com\/wp-content\/uploads\/2021\/10\/rooms-header.jpg\",\"width\":1920,\"height\":763},{\"@type\":\"BreadcrumbList\",\"@id\":\"https:\/\/www.larchipel.com\/fr\/chambres\/#breadcrumb\",\"itemListElement\":[{\"@type\":\"ListItem\",\"position\":1,\"name\":\"Home\",\"item\":\"https:\/\/www.larchipel.com\/fr\/\"},{\"@type\":\"ListItem\",\"position\":2,\"name\":\"Chambres\"}]},{\"@type\":\"WebSite\",\"@id\":\"https:\/\/www.larchipel.com\/#website\",\"url\":\"https:\/\/www.larchipel.com\/\",\"name\":\"Hotel L&#039;archipel\",\"description\":\"Praslin, Seychelles\",\"potentialAction\":[{\"@type\":\"SearchAction\",\"target\":{\"@type\":\"EntryPoint\",\"urlTemplate\":\"https:\/\/www.larchipel.com\/?s={search_term_string}\"},\"query-input\":{\"@type\":\"PropertyValueSpecification\",\"valueRequired\":true,\"valueName\":\"search_term_string\"}}],\"inLanguage\":\"fr-FR\"}]}<\/script>\n<!-- \/ Yoast SEO plugin. -->","yoast_head_json":{"title":"Chambres - Hotel L&#039;archipel","robots":{"index":"index","follow":"follow","max-snippet":"max-snippet:-1","max-image-preview":"max-image-preview:large","max-video-preview":"max-video-preview:-1"},"canonical":"https:\/\/www.larchipel.com\/fr\/chambres\/","og_locale":"fr_FR","og_type":"article","og_title":"Chambres - Hotel L&#039;archipel","og_description":"[vc_row][vc_column][\/vc_column][\/vc_row]","og_url":"https:\/\/www.larchipel.com\/fr\/chambres\/","og_site_name":"Hotel L&#039;archipel","og_image":[{"width":1920,"height":763,"url":"https:\/\/www.larchipel.com\/wp-content\/uploads\/2021\/10\/rooms-header.jpg","type":"image\/jpeg"}],"twitter_card":"summary_large_image","schema":{"@context":"https:\/\/schema.org","@graph":[{"@type":"WebPage","@id":"https:\/\/www.larchipel.com\/fr\/chambres\/","url":"https:\/\/www.larchipel.com\/fr\/chambres\/","name":"Chambres - Hotel L&#039;archipel","isPartOf":{"@id":"https:\/\/www.larchipel.com\/#website"},"primaryImageOfPage":{"@id":"https:\/\/www.larchipel.com\/fr\/chambres\/#primaryimage"},"image":{"@id":"https:\/\/www.larchipel.com\/fr\/chambres\/#primaryimage"},"thumbnailUrl":"https:\/\/www.larchipel.com\/wp-content\/uploads\/2021\/10\/rooms-header.jpg","datePublished":"2021-11-18T11:24:59+00:00","breadcrumb":{"@id":"https:\/\/www.larchipel.com\/fr\/chambres\/#breadcrumb"},"inLanguage":"fr-FR","potentialAction":[{"@type":"ReadAction","target":["https:\/\/www.larchipel.com\/fr\/chambres\/"]}]},{"@type":"ImageObject","inLanguage":"fr-FR","@id":"https:\/\/www.larchipel.com\/fr\/chambres\/#primaryimage","url":"https:\/\/www.larchipel.com\/wp-content\/uploads\/2021\/10\/rooms-header.jpg","contentUrl":"https:\/\/www.larchipel.com\/wp-content\/uploads\/2021\/10\/rooms-header.jpg","width":1920,"height":763},{"@type":"BreadcrumbList","@id":"https:\/\/www.larchipel.com\/fr\/chambres\/#breadcrumb","itemListElement":[{"@type":"ListItem","position":1,"name":"Home","item":"https:\/\/www.larchipel.com\/fr\/"},{"@type":"ListItem","position":2,"name":"Chambres"}]},{"@type":"WebSite","@id":"https:\/\/www.larchipel.com\/#website","url":"https:\/\/www.larchipel.com\/","name":"Hotel L&#039;archipel","description":"Praslin, Seychelles","potentialAction":[{"@type":"SearchAction","target":{"@type":"EntryPoint","urlTemplate":"https:\/\/www.larchipel.com\/?s={search_term_string}"},"query-input":{"@type":"PropertyValueSpecification","valueRequired":true,"valueName":"search_term_string"}}],"inLanguage":"fr-FR"}]}},"_links":{"self":[{"href":"https:\/\/www.larchipel.com\/fr\/wp-json\/wp\/v2\/pages\/1756","targetHints":{"allow":["GET"]}}],"collection":[{"href":"https:\/\/www.larchipel.com\/fr\/wp-json\/wp\/v2\/pages"}],"about":[{"href":"https:\/\/www.larchipel.com\/fr\/wp-json\/wp\/v2\/types\/page"}],"author":[{"embeddable":true,"href":"https:\/\/www.larchipel.com\/fr\/wp-json\/wp\/v2\/users\/1"}],"replies":[{"embeddable":true,"href":"https:\/\/www.larchipel.com\/fr\/wp-json\/wp\/v2\/comments?post=1756"}],"version-history":[{"count":1,"href":"https:\/\/www.larchipel.com\/fr\/wp-json\/wp\/v2\/pages\/1756\/revisions"}],"predecessor-version":[{"id":1757,"href":"https:\/\/www.larchipel.com\/fr\/wp-json\/wp\/v2\/pages\/1756\/revisions\/1757"}],"wp:featuredmedia":[{"embeddable":true,"href":"https:\/\/www.larchipel.com\/fr\/wp-json\/wp\/v2\/media\/1600"}],"wp:attachment":[{"href":"https:\/\/www.larchipel.com\/fr\/wp-json\/wp\/v2\/media?parent=1756"}],"curies":[{"name":"wp","href":"https:\/\/api.w.org\/{rel}","templated":true}]}}