{"id":1768,"date":"2021-11-19T08:04:30","date_gmt":"2021-11-19T08:04:30","guid":{"rendered":"https:\/\/larchipel.whl-staging.com\/praslin\/"},"modified":"2024-03-18T17:38:23","modified_gmt":"2024-03-18T17:38:23","slug":"praslin","status":"publish","type":"page","link":"https:\/\/www.larchipel.com\/fr\/praslin\/","title":{"rendered":"Praslin"},"content":{"rendered":"<p>[vc_row row_padding_top=&#8221;padding_top_1-2&#8243; row_padding_bottom=&#8221;padding_bottom_none&#8221;][vc_column]<div class=\"heading_group_sc wpb_content_element subtitle_bottom    text-center\">\r\n\r\n\r\n    <h2>\u00c0 PROPOS DE PRASLIN<\/h2>\n\r\n\r\n        <span class=\"subtitle\">D\u00e9couvrez tout ce que Praslin a \u00e0 offrir<\/span>\r\n\r\n<\/div>[vc_column_text]<\/p>\n<p class=\"divider\" style=\"text-align: center;\"><img loading=\"lazy\" decoding=\"async\" src=\"https:\/\/www.larchipel.com\/wp-content\/uploads\/2021\/11\/separator.png\" width=\"200\" height=\"25\" \/><\/p>\n<p>[\/vc_column_text][\/vc_column][\/vc_row][vc_row row_padding_top=&#8221;padding_top_1-4&#8243; row_padding_bottom=&#8221;padding_bottom_1-4&#8243;][vc_column width=&#8221;1\/2&#8243;][vc_column_text]Caract\u00e9ris\u00e9es comme le \u201cpays de l\u2019\u00e9t\u00e9 perp\u00e9tuel\u201d, les Seychelles b\u00e9n\u00e9ficient des climats les plus agr\u00e9ables de la plan\u00e8te avec un temps estival et des temp\u00e9ratures de mer chaudes toute l\u2019ann\u00e9e.<\/p>\n<p>L\u2019ann\u00e9e peut \u00eatre divis\u00e9e en deux saisons : celle des aliz\u00e9s du nord-ouest qui soufflent de novembre \u00e0 mars apportant une grande partie des pluies vivifiantes des \u00eeles. Les aliz\u00e9s du sud-est soufflent de mai \u00e0 septembre apportant des temp\u00e9ratures plus fra\u00eeches et des mers plus vives, parfaites pour la voile.<\/p>\n<p>Les mois interm\u00e9diaires sont normalement des p\u00e9riodes de temps parfait avec une mer calme id\u00e9ale pour la baignade, la plong\u00e9e sous-marine, la plong\u00e9e avec masque et tuba et la croisi\u00e8re sur l\u2019oc\u00e9an.<\/p>\n<p>Laissez-vous guider autour de Praslin et ses \u00eeles voisines.<\/p>\n<p>L\u2019h\u00f4tel peut organiser des excursions qui permettent aux clients d\u2019explorer le monde marin et les \u00eeles environnantes dans le confort, que ce soit lors de sorties de p\u00eache, de croisi\u00e8res panoramiques ou d\u2019excursions romantiques.<\/p>\n<p>Praslin offre une multitude d\u2019attractions \u00e0 appr\u00e9cier pendant votre s\u00e9jour, y compris un certain nombre de plages de renomm\u00e9e mondiale telles que Anse Lazio, le parcours de golf de championnat de 18 trous au Lemuria Resort avec l\u2019une des meilleures vues au monde, les merveilles de la l\u00e9gendaire La Vall\u00e9e de Mai, autrefois consid\u00e9r\u00e9e comme le site d\u2019origine du jardin biblique d\u2019Eden, de la route du patrimoine de Praslin et du sentier du tr\u00e9sor des pirates, de la galerie Black Pearl Farm, du mus\u00e9e de Praslin et du Fond Ferdinand pour une exp\u00e9rience de la nature hors du commun.<\/p>\n<p>Praslin est desservie par des vols int\u00e9rieurs quotidiens d\u2019Air Seychelles qui relient les deux \u00eeles en 20 minutes (<a href=\"https:\/\/www.airseychelles.com\/\" target=\"_blank\" rel=\"noopener\">www.airseychelles.com<\/a>) et le ferry rapide Cat Cocos (<a href=\"http:\/\/www.catcocos.com\/\" target=\"_blank\" rel=\"noopener\">www.catcocos.com<\/a>) effectue \u00e9galement des travers\u00e9es quotidiennes avec des trajets d\u2019une dur\u00e9e de 1 heure et 15 minutes. Il est \u00e9galement possible de louer un h\u00e9licopt\u00e8re priv\u00e9 via Zilair (<a href=\"https:\/\/zilair.com\/\" target=\"_blank\" rel=\"noopener\">www.zilair.com<\/a>). L\u2019h\u00f4tel se fera un plaisir d\u2019organiser des transferts entre l\u2019a\u00e9roport ou la jet\u00e9e jusqu\u2019\u00e0 l\u2019h\u00f4tel moyennant des frais.[\/vc_column_text][\/vc_column][vc_column width=&#8221;1\/2&#8243;][vc_single_image image=&#8221;1436&#8243; img_size=&#8221;full&#8221; alignment=&#8221;center&#8221;][\/vc_column][\/vc_row][vc_row full_width=&#8221;stretch_row&#8221; row_padding_top=&#8221;padding_top_1-4&#8243; row_padding_bottom=&#8221;padding_bottom_none&#8221;][vc_column]<div class=\"heading_group_sc wpb_content_element subtitle_bottom    text-center\">\r\n\r\n\r\n    <h2>ATTRACTIONS<\/h2>\n\r\n\r\n        <span class=\"subtitle\">Explorer les sites<\/span>\r\n\r\n<\/div>[vc_column_text]<\/p>\n<p class=\"divider\" style=\"text-align: center;\"><img loading=\"lazy\" decoding=\"async\" src=\"https:\/\/www.larchipel.com\/wp-content\/uploads\/2021\/11\/separator.png\" width=\"200\" height=\"25\" \/><\/p>\n<p>[\/vc_column_text][\/vc_column][\/vc_row][vc_row row_padding_top=&#8221;padding_top_1-4&#8243;][vc_column width=&#8221;1\/4&#8243;][\/vc_column][vc_column width=&#8221;1\/2&#8243;][vc_column_text]<\/p>\n<p style=\"text-align: center;\">R\u00e9serve naturelle de la Vall\u00e9e de Mai<\/p>\n<p style=\"text-align: center;\">Fond Ferdinand Seychelles \u2013 Cocos de Mer Nature Reserve<\/p>\n<p style=\"text-align: center;\">Curieuse \/ St. Pierre Marine Park<\/p>\n<p style=\"text-align: center;\">Coco\/ F\u00e9licite \u2013 Marine Park<\/p>\n<p style=\"text-align: center;\">Ferme perli\u00e8re<\/p>\n<p style=\"text-align: center;\">Mus\u00e9e de Praslin<\/p>\n<p style=\"text-align: center;\">Galerie Passerose \u2013 Caf\u00e9 des Arts Restaurant<\/p>\n<p style=\"text-align: center;\">Raymond Dubuisson Gallery \u2013 Petit Anse Anse La Blague<\/p>\n<p style=\"text-align: center;\">Breeze Garden<\/p>\n<p style=\"text-align: center;\">Zimbabwe \u2013 Coucher de soleil et panorama<\/p>\n<p style=\"text-align: center;\">Anse Lazio Plage<\/p>\n<p style=\"text-align: center;\">Cote D\u2019Or Plage<\/p>\n<p style=\"text-align: center;\">Anse La Farine Plage<\/p>\n<p style=\"text-align: center;\">Anse Georgette Plage<\/p>\n<p>[\/vc_column_text][\/vc_column][vc_column width=&#8221;1\/4&#8243;][\/vc_column][\/vc_row]<\/p>\n","protected":false},"excerpt":{"rendered":"<p>[vc_row row_padding_top=&#8221;padding_top_1-2&#8243; row_padding_bottom=&#8221;padding_bottom_none&#8221;][vc_column][vc_column_text] [\/vc_column_text][\/vc_column][\/vc_row][vc_row row_padding_top=&#8221;padding_top_1-4&#8243; row_padding_bottom=&#8221;padding_bottom_1-4&#8243;][vc_column width=&#8221;1\/2&#8243;][vc_column_text]Caract\u00e9ris\u00e9es comme le \u201cpays de l\u2019\u00e9t\u00e9 perp\u00e9tuel\u201d, les Seychelles b\u00e9n\u00e9ficient des climats les plus agr\u00e9ables de la plan\u00e8te avec un temps estival et des temp\u00e9ratures de mer chaudes toute l\u2019ann\u00e9e. L\u2019ann\u00e9e peut \u00eatre divis\u00e9e en deux saisons : celle des aliz\u00e9s du nord-ouest qui soufflent de novembre \u00e0 mars [&hellip;]<\/p>\n","protected":false},"author":1,"featured_media":1658,"parent":0,"menu_order":0,"comment_status":"closed","ping_status":"closed","template":"","meta":{"om_disable_all_campaigns":false,"footnotes":""},"class_list":["post-1768","page","type-page","status-publish","has-post-thumbnail","hentry"],"yoast_head":"<!-- This site is optimized with the Yoast SEO plugin v27.2 - https:\/\/yoast.com\/product\/yoast-seo-wordpress\/ -->\n<title>Praslin - Hotel L&#039;archipel<\/title>\n<meta name=\"robots\" content=\"index, follow, max-snippet:-1, max-image-preview:large, max-video-preview:-1\" \/>\n<link rel=\"canonical\" href=\"https:\/\/www.larchipel.com\/fr\/praslin\/\" \/>\n<meta property=\"og:locale\" content=\"fr_FR\" \/>\n<meta property=\"og:type\" content=\"article\" \/>\n<meta property=\"og:title\" content=\"Praslin - Hotel L&#039;archipel\" \/>\n<meta property=\"og:description\" content=\"[vc_row row_padding_top=&#8221;padding_top_1-2&#8243; row_padding_bottom=&#8221;padding_bottom_none&#8221;][vc_column][vc_column_text] [\/vc_column_text][\/vc_column][\/vc_row][vc_row row_padding_top=&#8221;padding_top_1-4&#8243; row_padding_bottom=&#8221;padding_bottom_1-4&#8243;][vc_column width=&#8221;1\/2&#8243;][vc_column_text]Caract\u00e9ris\u00e9es comme le \u201cpays de l\u2019\u00e9t\u00e9 perp\u00e9tuel\u201d, les Seychelles b\u00e9n\u00e9ficient des climats les plus agr\u00e9ables de la plan\u00e8te avec un temps estival et des temp\u00e9ratures de mer chaudes toute l\u2019ann\u00e9e. L\u2019ann\u00e9e peut \u00eatre divis\u00e9e en deux saisons : celle des aliz\u00e9s du nord-ouest qui soufflent de novembre \u00e0 mars [&hellip;]\" \/>\n<meta property=\"og:url\" content=\"https:\/\/www.larchipel.com\/fr\/praslin\/\" \/>\n<meta property=\"og:site_name\" content=\"Hotel L&#039;archipel\" \/>\n<meta property=\"article:modified_time\" content=\"2024-03-18T17:38:23+00:00\" \/>\n<meta property=\"og:image\" content=\"https:\/\/www.larchipel.com\/wp-content\/uploads\/2021\/11\/praslin-header.jpg\" \/>\n\t<meta property=\"og:image:width\" content=\"1920\" \/>\n\t<meta property=\"og:image:height\" content=\"526\" \/>\n\t<meta property=\"og:image:type\" content=\"image\/jpeg\" \/>\n<meta name=\"twitter:card\" content=\"summary_large_image\" \/>\n<meta name=\"twitter:label1\" content=\"Est. reading time\" \/>\n\t<meta name=\"twitter:data1\" content=\"3 minutes\" \/>\n<script type=\"application\/ld+json\" class=\"yoast-schema-graph\">{\"@context\":\"https:\/\/schema.org\",\"@graph\":[{\"@type\":\"WebPage\",\"@id\":\"https:\/\/www.larchipel.com\/fr\/praslin\/\",\"url\":\"https:\/\/www.larchipel.com\/fr\/praslin\/\",\"name\":\"Praslin - Hotel L&#039;archipel\",\"isPartOf\":{\"@id\":\"https:\/\/www.larchipel.com\/#website\"},\"primaryImageOfPage\":{\"@id\":\"https:\/\/www.larchipel.com\/fr\/praslin\/#primaryimage\"},\"image\":{\"@id\":\"https:\/\/www.larchipel.com\/fr\/praslin\/#primaryimage\"},\"thumbnailUrl\":\"https:\/\/www.larchipel.com\/wp-content\/uploads\/2021\/11\/praslin-header.jpg\",\"datePublished\":\"2021-11-19T08:04:30+00:00\",\"dateModified\":\"2024-03-18T17:38:23+00:00\",\"breadcrumb\":{\"@id\":\"https:\/\/www.larchipel.com\/fr\/praslin\/#breadcrumb\"},\"inLanguage\":\"fr-FR\",\"potentialAction\":[{\"@type\":\"ReadAction\",\"target\":[\"https:\/\/www.larchipel.com\/fr\/praslin\/\"]}]},{\"@type\":\"ImageObject\",\"inLanguage\":\"fr-FR\",\"@id\":\"https:\/\/www.larchipel.com\/fr\/praslin\/#primaryimage\",\"url\":\"https:\/\/www.larchipel.com\/wp-content\/uploads\/2021\/11\/praslin-header.jpg\",\"contentUrl\":\"https:\/\/www.larchipel.com\/wp-content\/uploads\/2021\/11\/praslin-header.jpg\",\"width\":1920,\"height\":526},{\"@type\":\"BreadcrumbList\",\"@id\":\"https:\/\/www.larchipel.com\/fr\/praslin\/#breadcrumb\",\"itemListElement\":[{\"@type\":\"ListItem\",\"position\":1,\"name\":\"Home\",\"item\":\"https:\/\/www.larchipel.com\/fr\/\"},{\"@type\":\"ListItem\",\"position\":2,\"name\":\"Praslin\"}]},{\"@type\":\"WebSite\",\"@id\":\"https:\/\/www.larchipel.com\/#website\",\"url\":\"https:\/\/www.larchipel.com\/\",\"name\":\"Hotel L&#039;archipel\",\"description\":\"Praslin, Seychelles\",\"potentialAction\":[{\"@type\":\"SearchAction\",\"target\":{\"@type\":\"EntryPoint\",\"urlTemplate\":\"https:\/\/www.larchipel.com\/?s={search_term_string}\"},\"query-input\":{\"@type\":\"PropertyValueSpecification\",\"valueRequired\":true,\"valueName\":\"search_term_string\"}}],\"inLanguage\":\"fr-FR\"}]}<\/script>\n<!-- \/ Yoast SEO plugin. -->","yoast_head_json":{"title":"Praslin - Hotel L&#039;archipel","robots":{"index":"index","follow":"follow","max-snippet":"max-snippet:-1","max-image-preview":"max-image-preview:large","max-video-preview":"max-video-preview:-1"},"canonical":"https:\/\/www.larchipel.com\/fr\/praslin\/","og_locale":"fr_FR","og_type":"article","og_title":"Praslin - Hotel L&#039;archipel","og_description":"[vc_row row_padding_top=&#8221;padding_top_1-2&#8243; row_padding_bottom=&#8221;padding_bottom_none&#8221;][vc_column][vc_column_text] [\/vc_column_text][\/vc_column][\/vc_row][vc_row row_padding_top=&#8221;padding_top_1-4&#8243; row_padding_bottom=&#8221;padding_bottom_1-4&#8243;][vc_column width=&#8221;1\/2&#8243;][vc_column_text]Caract\u00e9ris\u00e9es comme le \u201cpays de l\u2019\u00e9t\u00e9 perp\u00e9tuel\u201d, les Seychelles b\u00e9n\u00e9ficient des climats les plus agr\u00e9ables de la plan\u00e8te avec un temps estival et des temp\u00e9ratures de mer chaudes toute l\u2019ann\u00e9e. L\u2019ann\u00e9e peut \u00eatre divis\u00e9e en deux saisons : celle des aliz\u00e9s du nord-ouest qui soufflent de novembre \u00e0 mars [&hellip;]","og_url":"https:\/\/www.larchipel.com\/fr\/praslin\/","og_site_name":"Hotel L&#039;archipel","article_modified_time":"2024-03-18T17:38:23+00:00","og_image":[{"width":1920,"height":526,"url":"https:\/\/www.larchipel.com\/wp-content\/uploads\/2021\/11\/praslin-header.jpg","type":"image\/jpeg"}],"twitter_card":"summary_large_image","twitter_misc":{"Est. reading time":"3 minutes"},"schema":{"@context":"https:\/\/schema.org","@graph":[{"@type":"WebPage","@id":"https:\/\/www.larchipel.com\/fr\/praslin\/","url":"https:\/\/www.larchipel.com\/fr\/praslin\/","name":"Praslin - Hotel L&#039;archipel","isPartOf":{"@id":"https:\/\/www.larchipel.com\/#website"},"primaryImageOfPage":{"@id":"https:\/\/www.larchipel.com\/fr\/praslin\/#primaryimage"},"image":{"@id":"https:\/\/www.larchipel.com\/fr\/praslin\/#primaryimage"},"thumbnailUrl":"https:\/\/www.larchipel.com\/wp-content\/uploads\/2021\/11\/praslin-header.jpg","datePublished":"2021-11-19T08:04:30+00:00","dateModified":"2024-03-18T17:38:23+00:00","breadcrumb":{"@id":"https:\/\/www.larchipel.com\/fr\/praslin\/#breadcrumb"},"inLanguage":"fr-FR","potentialAction":[{"@type":"ReadAction","target":["https:\/\/www.larchipel.com\/fr\/praslin\/"]}]},{"@type":"ImageObject","inLanguage":"fr-FR","@id":"https:\/\/www.larchipel.com\/fr\/praslin\/#primaryimage","url":"https:\/\/www.larchipel.com\/wp-content\/uploads\/2021\/11\/praslin-header.jpg","contentUrl":"https:\/\/www.larchipel.com\/wp-content\/uploads\/2021\/11\/praslin-header.jpg","width":1920,"height":526},{"@type":"BreadcrumbList","@id":"https:\/\/www.larchipel.com\/fr\/praslin\/#breadcrumb","itemListElement":[{"@type":"ListItem","position":1,"name":"Home","item":"https:\/\/www.larchipel.com\/fr\/"},{"@type":"ListItem","position":2,"name":"Praslin"}]},{"@type":"WebSite","@id":"https:\/\/www.larchipel.com\/#website","url":"https:\/\/www.larchipel.com\/","name":"Hotel L&#039;archipel","description":"Praslin, Seychelles","potentialAction":[{"@type":"SearchAction","target":{"@type":"EntryPoint","urlTemplate":"https:\/\/www.larchipel.com\/?s={search_term_string}"},"query-input":{"@type":"PropertyValueSpecification","valueRequired":true,"valueName":"search_term_string"}}],"inLanguage":"fr-FR"}]}},"_links":{"self":[{"href":"https:\/\/www.larchipel.com\/fr\/wp-json\/wp\/v2\/pages\/1768","targetHints":{"allow":["GET"]}}],"collection":[{"href":"https:\/\/www.larchipel.com\/fr\/wp-json\/wp\/v2\/pages"}],"about":[{"href":"https:\/\/www.larchipel.com\/fr\/wp-json\/wp\/v2\/types\/page"}],"author":[{"embeddable":true,"href":"https:\/\/www.larchipel.com\/fr\/wp-json\/wp\/v2\/users\/1"}],"replies":[{"embeddable":true,"href":"https:\/\/www.larchipel.com\/fr\/wp-json\/wp\/v2\/comments?post=1768"}],"version-history":[{"count":10,"href":"https:\/\/www.larchipel.com\/fr\/wp-json\/wp\/v2\/pages\/1768\/revisions"}],"predecessor-version":[{"id":2158,"href":"https:\/\/www.larchipel.com\/fr\/wp-json\/wp\/v2\/pages\/1768\/revisions\/2158"}],"wp:featuredmedia":[{"embeddable":true,"href":"https:\/\/www.larchipel.com\/fr\/wp-json\/wp\/v2\/media\/1658"}],"wp:attachment":[{"href":"https:\/\/www.larchipel.com\/fr\/wp-json\/wp\/v2\/media?parent=1768"}],"curies":[{"name":"wp","href":"https:\/\/api.w.org\/{rel}","templated":true}]}}